{"id":2141,"date":"2024-05-30T17:44:40","date_gmt":"2024-05-30T15:44:40","guid":{"rendered":"http:\/\/staging.rama-web.com\/plastic-free\/"},"modified":"2024-10-24T16:52:30","modified_gmt":"2024-10-24T14:52:30","slug":"plastic-free","status":"publish","type":"page","link":"https:\/\/rama-web.com\/es\/plastic-free\/","title":{"rendered":"Plastic Free"},"content":{"rendered":"<section class=\"l-section wpb_row us_custom_6df4bc3a has_text_color height_huge with_img\"><div class=\"l-section-img\" role=\"img\" data-img-width=\"2560\" data-img-height=\"928\" style=\"background-image: url(https:\/\/rama-web.com\/wp-content\/uploads\/2024\/06\/18841172_5941218-1-scaled.jpg);\"><\/div><div class=\"l-section-overlay\" style=\"background:rgba(0,0,0,0.24)\"><\/div><div class=\"l-section-h i-cf\"><div class=\"g-cols vc_row via_flex valign_top type_default stacking_default\"><div class=\"vc_col-sm-12 wpb_column vc_column_container\"><div class=\"vc_column-inner\"><div class=\"wpb_wrapper\"><div class=\"wpb_text_column\"><div class=\"wpb_wrapper\"><h1 style=\"text-align: center;\">PLASTIC FREE<\/h1>\n<\/div><\/div><\/div><\/div><\/div><\/div><\/div><\/section><section class=\"l-section wpb_row height_auto\"><div class=\"l-section-h i-cf\"><div class=\"g-cols vc_row via_flex valign_top type_default stacking_default\"><div class=\"vc_col-sm-12 wpb_column vc_column_container\"><div class=\"vc_column-inner\"><div class=\"wpb_wrapper\"><div class=\"w-separator size_custom\" style=\"height:10px\"><\/div>[vc_raw_html]JTVCaW1oXzYzMTBfaW1hZ2VfbWFwJTIwaWQlM0QlMjIyNSUyMiU1RA==[\/vc_raw_html]<div class=\"w-separator size_medium\"><\/div><div class=\"g-cols wpb_row via_flex valign_top type_default stacking_default\"><div class=\"vc_col-sm-6 wpb_column vc_column_container has_text_color\"><div class=\"vc_column-inner us_custom_1e71b16d\"><div class=\"wpb_wrapper\"><div class=\"wpb_text_column us_custom_7cf54b34\"><div class=\"wpb_wrapper\"><ul>\n<li>Dise\u00f1adas para un f\u00e1cil mantenimiento<\/li>\n<li>S\u00f3lida estructura en hierro barnizado o acero inox<\/li>\n<li>Cambio formato r\u00e1pido y preciso, en versi\u00f3n autom\u00e1tica tambi\u00e9n para algunas tipolog\u00edas de m\u00e1quina<\/li>\n<li>Sistema de lubricaci\u00f3n centralizado<\/li>\n<li>Amplia gama de formatos y velocidad<\/li>\n<li>Maquinarias dise\u00f1adas y construidas seg\u00fan las vigentes normativas CE<\/li>\n<\/ul>\n<p>La velocidad de funcionamiento cambia seg\u00fan l tipolog\u00eda de producto y de envase<\/p>\n<p>Las m\u00e1quinas pueden ser utilizadas independientemente o integradas en l\u00edneas monobloque<\/p>\n<\/div><\/div><\/div><\/div><\/div><div class=\"vc_col-sm-6 wpb_column vc_column_container\"><div class=\"vc_column-inner type_sticky\"><div class=\"wpb_wrapper\"><div class=\"w-video align_none ratio_4x3 has_iframe\"><div class=\"w-video-h\"><iframe title=\"Vimeo video player\" src=\"https:\/\/player.vimeo.com\/video\/989405346?byline=1&title=1&controls=1\" frameborder=\"0\" allow=\"autoplay; fullscreen\" allowfullscreen loading=\"lazy\"><\/iframe><\/div><div class=\"w-video-icon\" style=\"font-size:1.5rem;background:rgba(0,0,0,0.5);color:#fff\"><\/div><\/div><\/div><\/div><\/div><\/div><div class=\"w-separator size_medium\"><\/div><div class=\"w-grid type_grid layout_gallery_default cols_5\" id=\"us_grid_1\" style=\"--gap:0.5rem;\" data-filterable=\"true\"><style>@media (max-width:1380px){#us_grid_1 .w-grid-item{width:33.3333%}}@media (max-width:1024px){#us_grid_1 .w-grid-item{width:50%}}@media (max-width:600px){#us_grid_1 .w-grid-list{margin:0}#us_grid_1 .w-grid-item{width:100%;padding:0;margin-bottom:var(--gap,0px)}}.layout_gallery_default .w-grid-item-h{}<\/style><div class=\"w-grid-list\">\t<article class=\"w-grid-item size_1x1 post-1983 attachment type-attachment status-inherit hentry\" data-id=\"1983\">\r\n\t\t<div class=\"w-grid-item-h\">\r\n\t\t\t\t\t\t<div class=\"w-post-elm post_image usg_post_image_1 stretched\"><img loading=\"lazy\" decoding=\"async\" width=\"595\" height=\"513\" src=\"https:\/\/rama-web.com\/wp-content\/uploads\/2024\/09\/fanta1l.jpg\" class=\"attachment-large size-large\" alt=\"\" srcset=\"https:\/\/rama-web.com\/wp-content\/uploads\/2024\/09\/fanta1l.jpg 595w, https:\/\/rama-web.com\/wp-content\/uploads\/2024\/09\/fanta1l-300x259.jpg 300w\" sizes=\"auto, (max-width: 595px) 100vw, 595px\" \/><\/div>\t\t<\/div>\r\n\t<\/article>\r\n\t<article class=\"w-grid-item size_1x1 post-1982 attachment type-attachment status-inherit hentry\" data-id=\"1982\">\r\n\t\t<div class=\"w-grid-item-h\">\r\n\t\t\t\t\t\t<div class=\"w-post-elm post_image usg_post_image_1 stretched\"><img loading=\"lazy\" decoding=\"async\" width=\"595\" height=\"513\" src=\"https:\/\/rama-web.com\/wp-content\/uploads\/2024\/09\/estrella1l.jpg\" class=\"attachment-large size-large\" alt=\"\" srcset=\"https:\/\/rama-web.com\/wp-content\/uploads\/2024\/09\/estrella1l.jpg 595w, https:\/\/rama-web.com\/wp-content\/uploads\/2024\/09\/estrella1l-300x259.jpg 300w\" sizes=\"auto, (max-width: 595px) 100vw, 595px\" \/><\/div>\t\t<\/div>\r\n\t<\/article>\r\n\t<article class=\"w-grid-item size_1x1 post-1981 attachment type-attachment status-inherit hentry\" data-id=\"1981\">\r\n\t\t<div class=\"w-grid-item-h\">\r\n\t\t\t\t\t\t<div class=\"w-post-elm post_image usg_post_image_1 stretched\"><img loading=\"lazy\" decoding=\"async\" width=\"595\" height=\"513\" src=\"https:\/\/rama-web.com\/wp-content\/uploads\/2024\/09\/estrella2l.jpg\" class=\"attachment-large size-large\" alt=\"\" srcset=\"https:\/\/rama-web.com\/wp-content\/uploads\/2024\/09\/estrella2l.jpg 595w, https:\/\/rama-web.com\/wp-content\/uploads\/2024\/09\/estrella2l-300x259.jpg 300w\" sizes=\"auto, (max-width: 595px) 100vw, 595px\" \/><\/div>\t\t<\/div>\r\n\t<\/article>\r\n\t<article class=\"w-grid-item size_1x1 post-1980 attachment type-attachment status-inherit hentry\" data-id=\"1980\">\r\n\t\t<div class=\"w-grid-item-h\">\r\n\t\t\t\t\t\t<div class=\"w-post-elm post_image usg_post_image_1 stretched\"><img loading=\"lazy\" decoding=\"async\" width=\"595\" height=\"513\" src=\"https:\/\/rama-web.com\/wp-content\/uploads\/2024\/09\/estrella3l.jpg\" class=\"attachment-large size-large\" alt=\"\" srcset=\"https:\/\/rama-web.com\/wp-content\/uploads\/2024\/09\/estrella3l.jpg 595w, https:\/\/rama-web.com\/wp-content\/uploads\/2024\/09\/estrella3l-300x259.jpg 300w\" sizes=\"auto, (max-width: 595px) 100vw, 595px\" \/><\/div>\t\t<\/div>\r\n\t<\/article>\r\n\t<article class=\"w-grid-item size_1x1 post-1979 attachment type-attachment status-inherit hentry\" data-id=\"1979\">\r\n\t\t<div class=\"w-grid-item-h\">\r\n\t\t\t\t\t\t<div class=\"w-post-elm post_image usg_post_image_1 stretched\"><img loading=\"lazy\" decoding=\"async\" width=\"595\" height=\"513\" src=\"https:\/\/rama-web.com\/wp-content\/uploads\/2024\/09\/heinek1l.jpg\" class=\"attachment-large size-large\" alt=\"\" srcset=\"https:\/\/rama-web.com\/wp-content\/uploads\/2024\/09\/heinek1l.jpg 595w, https:\/\/rama-web.com\/wp-content\/uploads\/2024\/09\/heinek1l-300x259.jpg 300w\" sizes=\"auto, (max-width: 595px) 100vw, 595px\" \/><\/div>\t\t<\/div>\r\n\t<\/article>\r\n\t<article class=\"w-grid-item size_1x1 post-1978 attachment type-attachment status-inherit hentry\" data-id=\"1978\">\r\n\t\t<div class=\"w-grid-item-h\">\r\n\t\t\t\t\t\t<div class=\"w-post-elm post_image usg_post_image_1 stretched\"><img loading=\"lazy\" decoding=\"async\" width=\"595\" height=\"513\" src=\"https:\/\/rama-web.com\/wp-content\/uploads\/2024\/09\/latti1.jpg\" class=\"attachment-large size-large\" alt=\"\" srcset=\"https:\/\/rama-web.com\/wp-content\/uploads\/2024\/09\/latti1.jpg 595w, https:\/\/rama-web.com\/wp-content\/uploads\/2024\/09\/latti1-300x259.jpg 300w\" sizes=\"auto, (max-width: 595px) 100vw, 595px\" \/><\/div>\t\t<\/div>\r\n\t<\/article>\r\n\t<article class=\"w-grid-item size_1x1 post-1977 attachment type-attachment status-inherit hentry\" data-id=\"1977\">\r\n\t\t<div class=\"w-grid-item-h\">\r\n\t\t\t\t\t\t<div class=\"w-post-elm post_image usg_post_image_1 stretched\"><img loading=\"lazy\" decoding=\"async\" width=\"595\" height=\"513\" src=\"https:\/\/rama-web.com\/wp-content\/uploads\/2024\/09\/strongbow1l.jpg\" class=\"attachment-large size-large\" alt=\"\" srcset=\"https:\/\/rama-web.com\/wp-content\/uploads\/2024\/09\/strongbow1l.jpg 595w, https:\/\/rama-web.com\/wp-content\/uploads\/2024\/09\/strongbow1l-300x259.jpg 300w\" sizes=\"auto, (max-width: 595px) 100vw, 595px\" \/><\/div>\t\t<\/div>\r\n\t<\/article>\r\n\t<article class=\"w-grid-item size_1x1 post-1976 attachment type-attachment status-inherit hentry\" data-id=\"1976\">\r\n\t\t<div class=\"w-grid-item-h\">\r\n\t\t\t\t\t\t<div class=\"w-post-elm post_image usg_post_image_1 stretched\"><img loading=\"lazy\" decoding=\"async\" width=\"595\" height=\"513\" src=\"https:\/\/rama-web.com\/wp-content\/uploads\/2024\/09\/woodpecker2l.jpg\" class=\"attachment-large size-large\" alt=\"\" srcset=\"https:\/\/rama-web.com\/wp-content\/uploads\/2024\/09\/woodpecker2l.jpg 595w, https:\/\/rama-web.com\/wp-content\/uploads\/2024\/09\/woodpecker2l-300x259.jpg 300w\" sizes=\"auto, (max-width: 595px) 100vw, 595px\" \/><\/div>\t\t<\/div>\r\n\t<\/article>\r\n\t<article class=\"w-grid-item size_1x1 post-1975 attachment type-attachment status-inherit hentry\" data-id=\"1975\">\r\n\t\t<div class=\"w-grid-item-h\">\r\n\t\t\t\t\t\t<div class=\"w-post-elm post_image usg_post_image_1 stretched\"><img loading=\"lazy\" decoding=\"async\" width=\"595\" height=\"513\" src=\"https:\/\/rama-web.com\/wp-content\/uploads\/2024\/09\/woodpecker2ll.jpg\" class=\"attachment-large size-large\" alt=\"\" srcset=\"https:\/\/rama-web.com\/wp-content\/uploads\/2024\/09\/woodpecker2ll.jpg 595w, https:\/\/rama-web.com\/wp-content\/uploads\/2024\/09\/woodpecker2ll-300x259.jpg 300w\" sizes=\"auto, (max-width: 595px) 100vw, 595px\" \/><\/div>\t\t<\/div>\r\n\t<\/article>\r\n\t<article class=\"w-grid-item size_1x1 post-1974 attachment type-attachment status-inherit hentry\" data-id=\"1974\">\r\n\t\t<div class=\"w-grid-item-h\">\r\n\t\t\t\t\t\t<div class=\"w-post-elm post_image usg_post_image_1 stretched\"><img loading=\"lazy\" decoding=\"async\" width=\"595\" height=\"513\" src=\"https:\/\/rama-web.com\/wp-content\/uploads\/2024\/09\/woodpecker2lll.jpg\" class=\"attachment-large size-large\" alt=\"\" srcset=\"https:\/\/rama-web.com\/wp-content\/uploads\/2024\/09\/woodpecker2lll.jpg 595w, https:\/\/rama-web.com\/wp-content\/uploads\/2024\/09\/woodpecker2lll-300x259.jpg 300w\" sizes=\"auto, (max-width: 595px) 100vw, 595px\" \/><\/div>\t\t<\/div>\r\n\t<\/article>\r\n<\/div><div class=\"w-grid-preloader\">\t<div class=\"g-preloader type_1\">\r\n\t\t<div><\/div>\r\n\t<\/div>\r\n\t<\/div>\t<div class=\"w-grid-json hidden\" onclick='return {&quot;action&quot;:&quot;us_ajax_grid&quot;,&quot;ajax_url&quot;:&quot;https:\\\/\\\/rama-web.com\\\/wp-admin\\\/admin-ajax.php&quot;,&quot;infinite_scroll&quot;:0,&quot;max_num_pages&quot;:1,&quot;pagination&quot;:&quot;none&quot;,&quot;template_vars&quot;:{&quot;columns&quot;:&quot;5&quot;,&quot;exclude_items&quot;:&quot;none&quot;,&quot;img_size&quot;:&quot;default&quot;,&quot;ignore_items_size&quot;:0,&quot;items_layout&quot;:&quot;gallery_default&quot;,&quot;items_offset&quot;:&quot;1&quot;,&quot;load_animation&quot;:&quot;none&quot;,&quot;overriding_link&quot;:&quot;%7B%22url%22%3A%22%22%7D&quot;,&quot;post_id&quot;:0,&quot;query_args&quot;:{&quot;post_type&quot;:[&quot;attachment&quot;],&quot;post__in&quot;:[&quot;1101&quot;,&quot;1102&quot;,&quot;1103&quot;,&quot;1104&quot;,&quot;1105&quot;,&quot;1106&quot;,&quot;1107&quot;,&quot;1108&quot;,&quot;1109&quot;,&quot;1112&quot;],&quot;post_status&quot;:&quot;inherit&quot;,&quot;post_mime_type&quot;:&quot;image&quot;,&quot;posts_per_page&quot;:&quot;15&quot;},&quot;orderby_query_args&quot;:{&quot;orderby&quot;:{&quot;date&quot;:&quot;DESC&quot;}},&quot;type&quot;:&quot;grid&quot;,&quot;us_grid_ajax_index&quot;:1,&quot;us_grid_filter_params&quot;:[],&quot;us_grid_index&quot;:1,&quot;_us_grid_post_type&quot;:&quot;attachment&quot;,&quot;page_args&quot;:[],&quot;lang&quot;:&quot;es&quot;}}'><\/div>\r\n\t<\/div><div class=\"w-separator size_medium\"><\/div><\/div><\/div><\/div><\/div><\/div><\/section>\n","protected":false},"excerpt":{"rendered":"","protected":false},"author":1,"featured_media":1954,"parent":0,"menu_order":0,"comment_status":"closed","ping_status":"open","template":"","meta":{"footnotes":""},"class_list":["post-2141","page","type-page","status-publish","has-post-thumbnail","hentry"],"yoast_head":"<!-- This site is optimized with the Yoast SEO plugin v24.0 - https:\/\/yoast.com\/wordpress\/plugins\/seo\/ -->\n<title>Plastic Free - Rama srl<\/title>\n<meta name=\"robots\" content=\"index, follow, max-snippet:-1, max-image-preview:large, max-video-preview:-1\" \/>\n<link rel=\"canonical\" href=\"https:\/\/rama-web.com\/es\/plastic-free\/\" \/>\n<meta property=\"og:locale\" content=\"es_ES\" \/>\n<meta property=\"og:type\" content=\"article\" \/>\n<meta property=\"og:title\" content=\"Plastic Free - Rama srl\" \/>\n<meta property=\"og:url\" content=\"https:\/\/rama-web.com\/es\/plastic-free\/\" \/>\n<meta property=\"og:site_name\" content=\"Rama srl\" \/>\n<meta property=\"article:modified_time\" content=\"2024-10-24T14:52:30+00:00\" \/>\n<meta property=\"og:image\" content=\"https:\/\/rama-web.com\/wp-content\/uploads\/2024\/06\/18841172_5941218-1-scaled.jpg\" \/>\n\t<meta property=\"og:image:width\" content=\"2560\" \/>\n\t<meta property=\"og:image:height\" content=\"928\" \/>\n\t<meta property=\"og:image:type\" content=\"image\/jpeg\" \/>\n<meta name=\"twitter:card\" content=\"summary_large_image\" \/>\n<meta name=\"twitter:label1\" content=\"Tiempo de lectura\" \/>\n\t<meta name=\"twitter:data1\" content=\"1 minuto\" \/>\n<script type=\"application\/ld+json\" class=\"yoast-schema-graph\">{\"@context\":\"https:\/\/schema.org\",\"@graph\":[{\"@type\":\"WebPage\",\"@id\":\"https:\/\/rama-web.com\/es\/plastic-free\/\",\"url\":\"https:\/\/rama-web.com\/es\/plastic-free\/\",\"name\":\"Plastic Free - Rama srl\",\"isPartOf\":{\"@id\":\"https:\/\/rama-web.com\/en\/#website\"},\"primaryImageOfPage\":{\"@id\":\"https:\/\/rama-web.com\/es\/plastic-free\/#primaryimage\"},\"image\":{\"@id\":\"https:\/\/rama-web.com\/es\/plastic-free\/#primaryimage\"},\"thumbnailUrl\":\"https:\/\/rama-web.com\/wp-content\/uploads\/2024\/06\/18841172_5941218-1-scaled.jpg\",\"datePublished\":\"2024-05-30T15:44:40+00:00\",\"dateModified\":\"2024-10-24T14:52:30+00:00\",\"breadcrumb\":{\"@id\":\"https:\/\/rama-web.com\/es\/plastic-free\/#breadcrumb\"},\"inLanguage\":\"es\",\"potentialAction\":[{\"@type\":\"ReadAction\",\"target\":[\"https:\/\/rama-web.com\/es\/plastic-free\/\"]}]},{\"@type\":\"ImageObject\",\"inLanguage\":\"es\",\"@id\":\"https:\/\/rama-web.com\/es\/plastic-free\/#primaryimage\",\"url\":\"https:\/\/rama-web.com\/wp-content\/uploads\/2024\/06\/18841172_5941218-1-scaled.jpg\",\"contentUrl\":\"https:\/\/rama-web.com\/wp-content\/uploads\/2024\/06\/18841172_5941218-1-scaled.jpg\",\"width\":2560,\"height\":928},{\"@type\":\"BreadcrumbList\",\"@id\":\"https:\/\/rama-web.com\/es\/plastic-free\/#breadcrumb\",\"itemListElement\":[{\"@type\":\"ListItem\",\"position\":1,\"name\":\"Home\",\"item\":\"https:\/\/rama-web.com\/es\/\"},{\"@type\":\"ListItem\",\"position\":2,\"name\":\"Plastic Free\"}]},{\"@type\":\"WebSite\",\"@id\":\"https:\/\/rama-web.com\/en\/#website\",\"url\":\"https:\/\/rama-web.com\/en\/\",\"name\":\"Rama srl\",\"description\":\"\",\"potentialAction\":[{\"@type\":\"SearchAction\",\"target\":{\"@type\":\"EntryPoint\",\"urlTemplate\":\"https:\/\/rama-web.com\/en\/?s={search_term_string}\"},\"query-input\":{\"@type\":\"PropertyValueSpecification\",\"valueRequired\":true,\"valueName\":\"search_term_string\"}}],\"inLanguage\":\"es\"}]}<\/script>\n<!-- \/ Yoast SEO plugin. -->","yoast_head_json":{"title":"Plastic Free - Rama srl","robots":{"index":"index","follow":"follow","max-snippet":"max-snippet:-1","max-image-preview":"max-image-preview:large","max-video-preview":"max-video-preview:-1"},"canonical":"https:\/\/rama-web.com\/es\/plastic-free\/","og_locale":"es_ES","og_type":"article","og_title":"Plastic Free - Rama srl","og_url":"https:\/\/rama-web.com\/es\/plastic-free\/","og_site_name":"Rama srl","article_modified_time":"2024-10-24T14:52:30+00:00","og_image":[{"width":2560,"height":928,"url":"https:\/\/rama-web.com\/wp-content\/uploads\/2024\/06\/18841172_5941218-1-scaled.jpg","type":"image\/jpeg"}],"twitter_card":"summary_large_image","twitter_misc":{"Tiempo de lectura":"1 minuto"},"schema":{"@context":"https:\/\/schema.org","@graph":[{"@type":"WebPage","@id":"https:\/\/rama-web.com\/es\/plastic-free\/","url":"https:\/\/rama-web.com\/es\/plastic-free\/","name":"Plastic Free - Rama srl","isPartOf":{"@id":"https:\/\/rama-web.com\/en\/#website"},"primaryImageOfPage":{"@id":"https:\/\/rama-web.com\/es\/plastic-free\/#primaryimage"},"image":{"@id":"https:\/\/rama-web.com\/es\/plastic-free\/#primaryimage"},"thumbnailUrl":"https:\/\/rama-web.com\/wp-content\/uploads\/2024\/06\/18841172_5941218-1-scaled.jpg","datePublished":"2024-05-30T15:44:40+00:00","dateModified":"2024-10-24T14:52:30+00:00","breadcrumb":{"@id":"https:\/\/rama-web.com\/es\/plastic-free\/#breadcrumb"},"inLanguage":"es","potentialAction":[{"@type":"ReadAction","target":["https:\/\/rama-web.com\/es\/plastic-free\/"]}]},{"@type":"ImageObject","inLanguage":"es","@id":"https:\/\/rama-web.com\/es\/plastic-free\/#primaryimage","url":"https:\/\/rama-web.com\/wp-content\/uploads\/2024\/06\/18841172_5941218-1-scaled.jpg","contentUrl":"https:\/\/rama-web.com\/wp-content\/uploads\/2024\/06\/18841172_5941218-1-scaled.jpg","width":2560,"height":928},{"@type":"BreadcrumbList","@id":"https:\/\/rama-web.com\/es\/plastic-free\/#breadcrumb","itemListElement":[{"@type":"ListItem","position":1,"name":"Home","item":"https:\/\/rama-web.com\/es\/"},{"@type":"ListItem","position":2,"name":"Plastic Free"}]},{"@type":"WebSite","@id":"https:\/\/rama-web.com\/en\/#website","url":"https:\/\/rama-web.com\/en\/","name":"Rama srl","description":"","potentialAction":[{"@type":"SearchAction","target":{"@type":"EntryPoint","urlTemplate":"https:\/\/rama-web.com\/en\/?s={search_term_string}"},"query-input":{"@type":"PropertyValueSpecification","valueRequired":true,"valueName":"search_term_string"}}],"inLanguage":"es"}]}},"_links":{"self":[{"href":"https:\/\/rama-web.com\/es\/wp-json\/wp\/v2\/pages\/2141","targetHints":{"allow":["GET"]}}],"collection":[{"href":"https:\/\/rama-web.com\/es\/wp-json\/wp\/v2\/pages"}],"about":[{"href":"https:\/\/rama-web.com\/es\/wp-json\/wp\/v2\/types\/page"}],"author":[{"embeddable":true,"href":"https:\/\/rama-web.com\/es\/wp-json\/wp\/v2\/users\/1"}],"replies":[{"embeddable":true,"href":"https:\/\/rama-web.com\/es\/wp-json\/wp\/v2\/comments?post=2141"}],"version-history":[{"count":3,"href":"https:\/\/rama-web.com\/es\/wp-json\/wp\/v2\/pages\/2141\/revisions"}],"predecessor-version":[{"id":2282,"href":"https:\/\/rama-web.com\/es\/wp-json\/wp\/v2\/pages\/2141\/revisions\/2282"}],"wp:featuredmedia":[{"embeddable":true,"href":"https:\/\/rama-web.com\/es\/wp-json\/wp\/v2\/media\/1954"}],"wp:attachment":[{"href":"https:\/\/rama-web.com\/es\/wp-json\/wp\/v2\/media?parent=2141"}],"curies":[{"name":"wp","href":"https:\/\/api.w.org\/{rel}","templated":true}]}}