{"id":2135,"date":"2024-05-30T16:35:20","date_gmt":"2024-05-30T14:35:20","guid":{"rendered":"http:\/\/staging.rama-web.com\/comidas-preparadas\/"},"modified":"2024-10-24T16:58:32","modified_gmt":"2024-10-24T14:58:32","slug":"comidas-preparadas","status":"publish","type":"page","link":"https:\/\/rama-web.com\/es\/comidas-preparadas\/","title":{"rendered":"Comidas preparadas"},"content":{"rendered":"<section class=\"l-section wpb_row us_custom_6df4bc3a has_text_color height_huge with_img\"><div class=\"l-section-img\" role=\"img\" data-img-width=\"2000\" data-img-height=\"1000\" style=\"background-image: url(https:\/\/rama-web.com\/wp-content\/uploads\/2024\/06\/121319-1.jpg);\"><\/div><div class=\"l-section-overlay\" style=\"background:rgba(0,0,0,0.24)\"><\/div><div class=\"l-section-h i-cf\"><div class=\"g-cols vc_row via_flex valign_top type_default stacking_default\"><div class=\"vc_col-sm-12 wpb_column vc_column_container\"><div class=\"vc_column-inner\"><div class=\"wpb_wrapper\"><div class=\"wpb_text_column\"><div class=\"wpb_wrapper\"><h1 style=\"text-align: center;\">COMIDAS PREPARADAS<\/h1>\n<\/div><\/div><\/div><\/div><\/div><\/div><\/div><\/section><section class=\"l-section wpb_row height_auto\"><div class=\"l-section-h i-cf\"><div class=\"g-cols vc_row via_flex valign_top type_default stacking_default\"><div class=\"vc_col-sm-12 wpb_column vc_column_container\"><div class=\"vc_column-inner\"><div class=\"wpb_wrapper\"><div class=\"w-separator size_custom\" style=\"height:10px\"><\/div>[vc_raw_html]JTVCaW1oXzYzMTBfaW1hZ2VfbWFwJTIwaWQlM0QlMjIyOSUyMiU1RA==[\/vc_raw_html]<div class=\"w-separator size_medium\"><\/div><div class=\"g-cols wpb_row via_flex valign_top type_default stacking_default\"><div class=\"vc_col-sm-6 wpb_column vc_column_container has_text_color\"><div class=\"vc_column-inner us_custom_1e71b16d\"><div class=\"wpb_wrapper\"><div class=\"wpb_text_column us_custom_7cf54b34\"><div class=\"wpb_wrapper\"><ul>\n<li>Dise\u00f1adas para un f\u00e1cil mantenimiento<\/li>\n<li>S\u00f3lida estructura en hierro barnizado o acero inox<\/li>\n<li>Cambio formato r\u00e1pido y preciso, en versi\u00f3n autom\u00e1tica tambi\u00e9n para algunas tipolog\u00edas de m\u00e1quina<\/li>\n<li>Sistema de lubricaci\u00f3n centralizado<\/li>\n<li>Amplia gama de formatos y velocidad<\/li>\n<li>Maquinarias dise\u00f1adas y construidas seg\u00fan las vigentes normativas CE<\/li>\n<\/ul>\n<p>La velocidad de funcionamiento cambia seg\u00fan l tipolog\u00eda de producto y de envase<\/p>\n<p>Las m\u00e1quinas pueden ser utilizadas independientemente o integradas en l\u00edneas monobloque<\/p>\n<\/div><\/div><\/div><\/div><\/div><div class=\"vc_col-sm-6 wpb_column vc_column_container\"><div class=\"vc_column-inner type_sticky\"><div class=\"wpb_wrapper\"><div class=\"w-video align_none ratio_4x3 has_iframe\"><div class=\"w-video-h\"><iframe title=\"Vimeo video player\" src=\"https:\/\/player.vimeo.com\/video\/989405158?byline=1&title=1&controls=1\" frameborder=\"0\" allow=\"autoplay; fullscreen\" allowfullscreen loading=\"lazy\"><\/iframe><\/div><div class=\"w-video-icon\" style=\"font-size:1.5rem;background:rgba(0,0,0,0.5);color:#fff\"><\/div><\/div><\/div><\/div><\/div><\/div><div class=\"w-separator size_medium\"><\/div><div class=\"w-grid type_grid layout_gallery_default cols_5\" id=\"us_grid_1\" style=\"--gap:0.5rem;\" data-filterable=\"true\"><style>@media (max-width:1380px){#us_grid_1 .w-grid-item{width:33.3333%}}@media (max-width:1024px){#us_grid_1 .w-grid-item{width:50%}}@media (max-width:600px){#us_grid_1 .w-grid-list{margin:0}#us_grid_1 .w-grid-item{width:100%;padding:0;margin-bottom:var(--gap,0px)}}.layout_gallery_default .w-grid-item-h{}<\/style><div class=\"w-grid-list\">\t<article class=\"w-grid-item size_1x1 post-1903 attachment type-attachment status-inherit hentry\" data-id=\"1903\">\r\n\t\t<div class=\"w-grid-item-h\">\r\n\t\t\t\t\t\t<div class=\"w-post-elm post_image usg_post_image_1 stretched\"><img loading=\"lazy\" decoding=\"async\" width=\"1024\" height=\"680\" src=\"https:\/\/rama-web.com\/wp-content\/uploads\/2024\/05\/DSC_0037-1024x680.jpeg\" class=\"attachment-large size-large\" alt=\"\" srcset=\"https:\/\/rama-web.com\/wp-content\/uploads\/2024\/05\/DSC_0037-1024x680.jpeg 1024w, https:\/\/rama-web.com\/wp-content\/uploads\/2024\/05\/DSC_0037-300x199.jpeg 300w, https:\/\/rama-web.com\/wp-content\/uploads\/2024\/05\/DSC_0037.jpeg 1072w\" sizes=\"auto, (max-width: 1024px) 100vw, 1024px\" \/><\/div>\t\t<\/div>\r\n\t<\/article>\r\n\t<article class=\"w-grid-item size_1x1 post-1905 attachment type-attachment status-inherit hentry\" data-id=\"1905\">\r\n\t\t<div class=\"w-grid-item-h\">\r\n\t\t\t\t\t\t<div class=\"w-post-elm post_image usg_post_image_1 stretched\"><img loading=\"lazy\" decoding=\"async\" width=\"1024\" height=\"680\" src=\"https:\/\/rama-web.com\/wp-content\/uploads\/2024\/05\/DSC_0072-1024x680.jpeg\" class=\"attachment-large size-large\" alt=\"\" srcset=\"https:\/\/rama-web.com\/wp-content\/uploads\/2024\/05\/DSC_0072-1024x680.jpeg 1024w, https:\/\/rama-web.com\/wp-content\/uploads\/2024\/05\/DSC_0072-300x199.jpeg 300w, https:\/\/rama-web.com\/wp-content\/uploads\/2024\/05\/DSC_0072.jpeg 1072w\" sizes=\"auto, (max-width: 1024px) 100vw, 1024px\" \/><\/div>\t\t<\/div>\r\n\t<\/article>\r\n\t<article class=\"w-grid-item size_1x1 post-1904 attachment type-attachment status-inherit hentry\" data-id=\"1904\">\r\n\t\t<div class=\"w-grid-item-h\">\r\n\t\t\t\t\t\t<div class=\"w-post-elm post_image usg_post_image_1 stretched\"><img loading=\"lazy\" decoding=\"async\" width=\"1024\" height=\"680\" src=\"https:\/\/rama-web.com\/wp-content\/uploads\/2024\/05\/DSC_0050_lato-piatto-1024x680.jpeg\" class=\"attachment-large size-large\" alt=\"\" srcset=\"https:\/\/rama-web.com\/wp-content\/uploads\/2024\/05\/DSC_0050_lato-piatto-1024x680.jpeg 1024w, https:\/\/rama-web.com\/wp-content\/uploads\/2024\/05\/DSC_0050_lato-piatto-300x199.jpeg 300w, https:\/\/rama-web.com\/wp-content\/uploads\/2024\/05\/DSC_0050_lato-piatto.jpeg 1072w\" sizes=\"auto, (max-width: 1024px) 100vw, 1024px\" \/><\/div>\t\t<\/div>\r\n\t<\/article>\r\n\t<article class=\"w-grid-item size_1x1 post-1906 attachment type-attachment status-inherit hentry\" data-id=\"1906\">\r\n\t\t<div class=\"w-grid-item-h\">\r\n\t\t\t\t\t\t<div class=\"w-post-elm post_image usg_post_image_1 stretched\"><img loading=\"lazy\" decoding=\"async\" width=\"1024\" height=\"680\" src=\"https:\/\/rama-web.com\/wp-content\/uploads\/2024\/05\/DSC_0051-1024x680.jpg\" class=\"attachment-large size-large\" alt=\"\" srcset=\"https:\/\/rama-web.com\/wp-content\/uploads\/2024\/05\/DSC_0051-1024x680.jpg 1024w, https:\/\/rama-web.com\/wp-content\/uploads\/2024\/05\/DSC_0051-300x199.jpg 300w, https:\/\/rama-web.com\/wp-content\/uploads\/2024\/05\/DSC_0051.jpg 1072w\" sizes=\"auto, (max-width: 1024px) 100vw, 1024px\" \/><\/div>\t\t<\/div>\r\n\t<\/article>\r\n\t<article class=\"w-grid-item size_1x1 post-1911 attachment type-attachment status-inherit hentry\" data-id=\"1911\">\r\n\t\t<div class=\"w-grid-item-h\">\r\n\t\t\t\t\t\t<div class=\"w-post-elm post_image usg_post_image_1 stretched\"><img loading=\"lazy\" decoding=\"async\" width=\"1024\" height=\"683\" src=\"https:\/\/rama-web.com\/wp-content\/uploads\/2024\/07\/pronti2-1024x683.jpg\" class=\"attachment-large size-large\" alt=\"\" srcset=\"https:\/\/rama-web.com\/wp-content\/uploads\/2024\/07\/pronti2-1024x683.jpg 1024w, https:\/\/rama-web.com\/wp-content\/uploads\/2024\/07\/pronti2-300x200.jpg 300w, https:\/\/rama-web.com\/wp-content\/uploads\/2024\/07\/pronti2.jpg 1500w\" sizes=\"auto, (max-width: 1024px) 100vw, 1024px\" \/><\/div>\t\t<\/div>\r\n\t<\/article>\r\n<\/div><div class=\"w-grid-preloader\">\t<div class=\"g-preloader type_1\">\r\n\t\t<div><\/div>\r\n\t<\/div>\r\n\t<\/div>\t<div class=\"w-grid-json hidden\" onclick='return {&quot;action&quot;:&quot;us_ajax_grid&quot;,&quot;ajax_url&quot;:&quot;https:\\\/\\\/rama-web.com\\\/wp-admin\\\/admin-ajax.php&quot;,&quot;infinite_scroll&quot;:0,&quot;max_num_pages&quot;:1,&quot;pagination&quot;:&quot;none&quot;,&quot;template_vars&quot;:{&quot;columns&quot;:&quot;5&quot;,&quot;exclude_items&quot;:&quot;none&quot;,&quot;img_size&quot;:&quot;default&quot;,&quot;ignore_items_size&quot;:0,&quot;items_layout&quot;:&quot;gallery_default&quot;,&quot;items_offset&quot;:&quot;1&quot;,&quot;load_animation&quot;:&quot;none&quot;,&quot;overriding_link&quot;:&quot;%7B%22url%22%3A%22%22%7D&quot;,&quot;post_id&quot;:0,&quot;query_args&quot;:{&quot;post_type&quot;:[&quot;attachment&quot;],&quot;post__in&quot;:[&quot;330&quot;,&quot;332&quot;,&quot;331&quot;,&quot;333&quot;,&quot;916&quot;],&quot;post_status&quot;:&quot;inherit&quot;,&quot;post_mime_type&quot;:&quot;image&quot;,&quot;posts_per_page&quot;:&quot;10&quot;},&quot;orderby_query_args&quot;:{&quot;orderby&quot;:{&quot;post__in&quot;:&quot;ASC&quot;},&quot;order&quot;:&quot;ASC&quot;},&quot;type&quot;:&quot;grid&quot;,&quot;us_grid_ajax_index&quot;:1,&quot;us_grid_filter_params&quot;:[],&quot;us_grid_index&quot;:1,&quot;_us_grid_post_type&quot;:&quot;attachment&quot;,&quot;page_args&quot;:[],&quot;lang&quot;:&quot;es&quot;}}'><\/div>\r\n\t<\/div><div class=\"w-separator size_medium\"><\/div><\/div><\/div><\/div><\/div><\/div><\/section>\n","protected":false},"excerpt":{"rendered":"","protected":false},"author":1,"featured_media":1908,"parent":0,"menu_order":0,"comment_status":"closed","ping_status":"open","template":"","meta":{"footnotes":""},"class_list":["post-2135","page","type-page","status-publish","has-post-thumbnail","hentry"],"yoast_head":"<!-- This site is optimized with the Yoast SEO plugin v24.0 - https:\/\/yoast.com\/wordpress\/plugins\/seo\/ -->\n<title>Comidas preparadas - Rama srl<\/title>\n<meta name=\"robots\" content=\"index, follow, max-snippet:-1, max-image-preview:large, max-video-preview:-1\" \/>\n<link rel=\"canonical\" href=\"https:\/\/rama-web.com\/es\/comidas-preparadas\/\" \/>\n<meta property=\"og:locale\" content=\"es_ES\" \/>\n<meta property=\"og:type\" content=\"article\" \/>\n<meta property=\"og:title\" content=\"Comidas preparadas - Rama srl\" \/>\n<meta property=\"og:url\" content=\"https:\/\/rama-web.com\/es\/comidas-preparadas\/\" \/>\n<meta property=\"og:site_name\" content=\"Rama srl\" \/>\n<meta property=\"article:modified_time\" content=\"2024-10-24T14:58:32+00:00\" \/>\n<meta property=\"og:image\" content=\"https:\/\/rama-web.com\/wp-content\/uploads\/2024\/06\/121319-1.jpg\" \/>\n\t<meta property=\"og:image:width\" content=\"2000\" \/>\n\t<meta property=\"og:image:height\" content=\"1000\" \/>\n\t<meta property=\"og:image:type\" content=\"image\/jpeg\" \/>\n<meta name=\"twitter:card\" content=\"summary_large_image\" \/>\n<meta name=\"twitter:label1\" content=\"Tiempo de lectura\" \/>\n\t<meta name=\"twitter:data1\" content=\"1 minuto\" \/>\n<script type=\"application\/ld+json\" class=\"yoast-schema-graph\">{\"@context\":\"https:\/\/schema.org\",\"@graph\":[{\"@type\":\"WebPage\",\"@id\":\"https:\/\/rama-web.com\/es\/comidas-preparadas\/\",\"url\":\"https:\/\/rama-web.com\/es\/comidas-preparadas\/\",\"name\":\"Comidas preparadas - Rama srl\",\"isPartOf\":{\"@id\":\"https:\/\/rama-web.com\/en\/#website\"},\"primaryImageOfPage\":{\"@id\":\"https:\/\/rama-web.com\/es\/comidas-preparadas\/#primaryimage\"},\"image\":{\"@id\":\"https:\/\/rama-web.com\/es\/comidas-preparadas\/#primaryimage\"},\"thumbnailUrl\":\"https:\/\/rama-web.com\/wp-content\/uploads\/2024\/06\/121319-1.jpg\",\"datePublished\":\"2024-05-30T14:35:20+00:00\",\"dateModified\":\"2024-10-24T14:58:32+00:00\",\"breadcrumb\":{\"@id\":\"https:\/\/rama-web.com\/es\/comidas-preparadas\/#breadcrumb\"},\"inLanguage\":\"es\",\"potentialAction\":[{\"@type\":\"ReadAction\",\"target\":[\"https:\/\/rama-web.com\/es\/comidas-preparadas\/\"]}]},{\"@type\":\"ImageObject\",\"inLanguage\":\"es\",\"@id\":\"https:\/\/rama-web.com\/es\/comidas-preparadas\/#primaryimage\",\"url\":\"https:\/\/rama-web.com\/wp-content\/uploads\/2024\/06\/121319-1.jpg\",\"contentUrl\":\"https:\/\/rama-web.com\/wp-content\/uploads\/2024\/06\/121319-1.jpg\",\"width\":2000,\"height\":1000},{\"@type\":\"BreadcrumbList\",\"@id\":\"https:\/\/rama-web.com\/es\/comidas-preparadas\/#breadcrumb\",\"itemListElement\":[{\"@type\":\"ListItem\",\"position\":1,\"name\":\"Home\",\"item\":\"https:\/\/rama-web.com\/es\/\"},{\"@type\":\"ListItem\",\"position\":2,\"name\":\"Comidas preparadas\"}]},{\"@type\":\"WebSite\",\"@id\":\"https:\/\/rama-web.com\/en\/#website\",\"url\":\"https:\/\/rama-web.com\/en\/\",\"name\":\"Rama srl\",\"description\":\"\",\"potentialAction\":[{\"@type\":\"SearchAction\",\"target\":{\"@type\":\"EntryPoint\",\"urlTemplate\":\"https:\/\/rama-web.com\/en\/?s={search_term_string}\"},\"query-input\":{\"@type\":\"PropertyValueSpecification\",\"valueRequired\":true,\"valueName\":\"search_term_string\"}}],\"inLanguage\":\"es\"}]}<\/script>\n<!-- \/ Yoast SEO plugin. -->","yoast_head_json":{"title":"Comidas preparadas - Rama srl","robots":{"index":"index","follow":"follow","max-snippet":"max-snippet:-1","max-image-preview":"max-image-preview:large","max-video-preview":"max-video-preview:-1"},"canonical":"https:\/\/rama-web.com\/es\/comidas-preparadas\/","og_locale":"es_ES","og_type":"article","og_title":"Comidas preparadas - Rama srl","og_url":"https:\/\/rama-web.com\/es\/comidas-preparadas\/","og_site_name":"Rama srl","article_modified_time":"2024-10-24T14:58:32+00:00","og_image":[{"width":2000,"height":1000,"url":"https:\/\/rama-web.com\/wp-content\/uploads\/2024\/06\/121319-1.jpg","type":"image\/jpeg"}],"twitter_card":"summary_large_image","twitter_misc":{"Tiempo de lectura":"1 minuto"},"schema":{"@context":"https:\/\/schema.org","@graph":[{"@type":"WebPage","@id":"https:\/\/rama-web.com\/es\/comidas-preparadas\/","url":"https:\/\/rama-web.com\/es\/comidas-preparadas\/","name":"Comidas preparadas - Rama srl","isPartOf":{"@id":"https:\/\/rama-web.com\/en\/#website"},"primaryImageOfPage":{"@id":"https:\/\/rama-web.com\/es\/comidas-preparadas\/#primaryimage"},"image":{"@id":"https:\/\/rama-web.com\/es\/comidas-preparadas\/#primaryimage"},"thumbnailUrl":"https:\/\/rama-web.com\/wp-content\/uploads\/2024\/06\/121319-1.jpg","datePublished":"2024-05-30T14:35:20+00:00","dateModified":"2024-10-24T14:58:32+00:00","breadcrumb":{"@id":"https:\/\/rama-web.com\/es\/comidas-preparadas\/#breadcrumb"},"inLanguage":"es","potentialAction":[{"@type":"ReadAction","target":["https:\/\/rama-web.com\/es\/comidas-preparadas\/"]}]},{"@type":"ImageObject","inLanguage":"es","@id":"https:\/\/rama-web.com\/es\/comidas-preparadas\/#primaryimage","url":"https:\/\/rama-web.com\/wp-content\/uploads\/2024\/06\/121319-1.jpg","contentUrl":"https:\/\/rama-web.com\/wp-content\/uploads\/2024\/06\/121319-1.jpg","width":2000,"height":1000},{"@type":"BreadcrumbList","@id":"https:\/\/rama-web.com\/es\/comidas-preparadas\/#breadcrumb","itemListElement":[{"@type":"ListItem","position":1,"name":"Home","item":"https:\/\/rama-web.com\/es\/"},{"@type":"ListItem","position":2,"name":"Comidas preparadas"}]},{"@type":"WebSite","@id":"https:\/\/rama-web.com\/en\/#website","url":"https:\/\/rama-web.com\/en\/","name":"Rama srl","description":"","potentialAction":[{"@type":"SearchAction","target":{"@type":"EntryPoint","urlTemplate":"https:\/\/rama-web.com\/en\/?s={search_term_string}"},"query-input":{"@type":"PropertyValueSpecification","valueRequired":true,"valueName":"search_term_string"}}],"inLanguage":"es"}]}},"_links":{"self":[{"href":"https:\/\/rama-web.com\/es\/wp-json\/wp\/v2\/pages\/2135","targetHints":{"allow":["GET"]}}],"collection":[{"href":"https:\/\/rama-web.com\/es\/wp-json\/wp\/v2\/pages"}],"about":[{"href":"https:\/\/rama-web.com\/es\/wp-json\/wp\/v2\/types\/page"}],"author":[{"embeddable":true,"href":"https:\/\/rama-web.com\/es\/wp-json\/wp\/v2\/users\/1"}],"replies":[{"embeddable":true,"href":"https:\/\/rama-web.com\/es\/wp-json\/wp\/v2\/comments?post=2135"}],"version-history":[{"count":3,"href":"https:\/\/rama-web.com\/es\/wp-json\/wp\/v2\/pages\/2135\/revisions"}],"predecessor-version":[{"id":2286,"href":"https:\/\/rama-web.com\/es\/wp-json\/wp\/v2\/pages\/2135\/revisions\/2286"}],"wp:featuredmedia":[{"embeddable":true,"href":"https:\/\/rama-web.com\/es\/wp-json\/wp\/v2\/media\/1908"}],"wp:attachment":[{"href":"https:\/\/rama-web.com\/es\/wp-json\/wp\/v2\/media?parent=2135"}],"curies":[{"name":"wp","href":"https:\/\/api.w.org\/{rel}","templated":true}]}}