{"id":1698,"date":"2024-06-17T14:51:28","date_gmt":"2024-06-17T12:51:28","guid":{"rendered":"http:\/\/staging.rama-web.com\/maquinaria\/abrecartones\/"},"modified":"2024-11-08T15:50:27","modified_gmt":"2024-11-08T14:50:27","slug":"abrecartones","status":"publish","type":"page","link":"https:\/\/rama-web.com\/es\/maquinaria\/abrecartones\/","title":{"rendered":"Abrecartones"},"content":{"rendered":"<section class=\"l-section wpb_row us_custom_6df4bc3a has_text_color height_huge with_img\"><div class=\"l-section-img\" role=\"img\" data-img-width=\"722\" data-img-height=\"281\" style=\"background-image: url(https:\/\/rama-web.com\/wp-content\/uploads\/2024\/07\/apricartoni-Immagine1.jpg);\"><\/div><div class=\"l-section-overlay\" style=\"background:rgba(0,0,0,0.24)\"><\/div><div class=\"l-section-h i-cf\"><div class=\"g-cols vc_row via_flex valign_top type_default stacking_default\"><div class=\"vc_col-sm-12 wpb_column vc_column_container\"><div class=\"vc_column-inner\"><div class=\"wpb_wrapper\"><div class=\"wpb_text_column\"><div class=\"wpb_wrapper\"><h1 style=\"text-align: center;\">MAQUINARIA<\/h1>\n<\/div><\/div><\/div><\/div><\/div><\/div><\/div><\/section><section class=\"l-section wpb_row height_medium\"><div class=\"l-section-h i-cf\"><div class=\"g-cols vc_row via_flex valign_top type_default stacking_default\"><div class=\"vc_col-sm-12 wpb_column vc_column_container\"><div class=\"vc_column-inner\"><div class=\"wpb_wrapper\"><div class=\"g-cols wpb_row via_flex valign_top type_default stacking_default\"><div class=\"vc_col-sm-6 wpb_column vc_column_container\"><div class=\"vc_column-inner\"><div class=\"wpb_wrapper\"><div class=\"wpb_text_column\"><div class=\"wpb_wrapper\"><h2><span style=\"color: #1d6bb7;\"><strong>ABRECARTONES<\/strong><\/span><\/h2>\n<\/div><\/div><div class=\"w-separator size_small with_line width_default thick_1 style_solid color_primary align_center\"><div class=\"w-separator-h\"><\/div><\/div><div class=\"wpb_text_column\"><div class=\"wpb_wrapper\"><p>Las m\u00e1quinas abrecartones son id\u00f3neas a formar cajas americanas a partir de troqueles pre encolados luego cerrado en el fondo con cola caliente o cinta adhesiva. Esta tipolog\u00eda de envase es id\u00f3nea para la mayor\u00eda de los productos alimentares, los cuales necesitan un cargamento manual o autom\u00e1tico. \u00a1Cont\u00e1ctenos para descubrir m\u00e1s!<\/p>\n<\/div><\/div><div class=\"w-separator size_small\"><\/div><div class=\"w-btn-wrapper align_none\"><a class=\"w-btn us-btn-style_1\" href=\"https:\/\/rama-web.com\/es\/contactos\/\"><span class=\"w-btn-label\">CONT\u00c1CTENOS<\/span><\/a><\/div><\/div><\/div><\/div><div class=\"vc_col-sm-6 wpb_column vc_column_container\"><div class=\"vc_column-inner\"><div class=\"wpb_wrapper\"><div class=\"w-slider style_none fit_scaledown\"><div class=\"w-slider-h\"><div class=\"royalSlider\"><div class=\"rsContent\"><a class=\"rsImg\" data-rsw=\"1024\" data-rsh=\"576\" href=\"https:\/\/rama-web.com\/wp-content\/uploads\/2024\/08\/KS388769326.53-min-1024x576.png\"><span data-alt=\"\"><\/span><\/a><\/div><div class=\"rsContent\"><a class=\"rsImg\" data-rsw=\"1024\" data-rsh=\"576\" href=\"https:\/\/rama-web.com\/wp-content\/uploads\/2024\/08\/KS388769326.52-min-1024x576.png\"><span data-alt=\"\"><\/span><\/a><\/div><\/div><img decoding=\"async\" src=\"https:\/\/rama-web.com\/wp-content\/uploads\/2024\/08\/KS388769326.53-min-1024x576.png\" width=\"1024\" height=\"576\" alt loading=\"lazy\"><\/div><div class=\"w-slider-json\" onclick='return {&quot;autoScaleSlider&quot;:true,&quot;loop&quot;:true,&quot;fadeInLoadedSlide&quot;:false,&quot;slidesSpacing&quot;:0,&quot;imageScalePadding&quot;:0,&quot;numImagesToPreload&quot;:2,&quot;arrowsNav&quot;:true,&quot;arrowsNavAutoHide&quot;:false,&quot;transitionType&quot;:&quot;move&quot;,&quot;transitionSpeed&quot;:250,&quot;block&quot;:{&quot;moveEffect&quot;:&quot;none&quot;,&quot;speed&quot;:300},&quot;thumbs&quot;:{&quot;fitInViewport&quot;:false},&quot;controlNavigation&quot;:&quot;none&quot;,&quot;imageScaleMode&quot;:&quot;fit-if-smaller&quot;,&quot;autoScaleSliderWidth&quot;:1024,&quot;autoScaleSliderHeight&quot;:576}'><\/div><\/div><\/div><\/div><\/div><\/div><\/div><\/div><\/div><\/div><\/div><\/section><section class=\"l-section wpb_row hide_on_mobiles height_auto\"><div class=\"l-section-h i-cf\"><div class=\"g-cols vc_row via_flex valign_top type_default stacking_default\"><div class=\"vc_col-sm-12 wpb_column vc_column_container\"><div class=\"vc_column-inner\"><div class=\"wpb_wrapper\"><div class=\"g-cols wpb_row us_custom_eb8b43df has_text_color hide_on_mobiles via_flex valign_top type_default stacking_default\"><div class=\"vc_col-sm-12 wpb_column vc_column_container\"><div class=\"vc_column-inner\"><div class=\"wpb_wrapper\"><div class=\"wpb_text_column\"><div class=\"wpb_wrapper\"><p style=\"text-align: center;\"><strong>ABRECARTONES<\/strong><\/p>\n<\/div><\/div><\/div><\/div><\/div><\/div><div class=\"g-cols wpb_row hide_on_mobiles via_flex valign_top type_default stacking_default\"><div class=\"vc_col-sm-3 wpb_column vc_column_container\"><div class=\"vc_column-inner us_custom_71e478e7\"><div class=\"wpb_wrapper\"><div class=\"wpb_text_column\"><div class=\"wpb_wrapper\"><p style=\"text-align: center;\"><strong>M\u00e1quina<\/strong><\/p>\n<\/div><\/div><\/div><\/div><\/div><div class=\"vc_col-sm-3 wpb_column vc_column_container\"><div class=\"vc_column-inner us_custom_38de86c8\"><div class=\"wpb_wrapper\"><div class=\"wpb_text_column\"><div class=\"wpb_wrapper\"><p style=\"text-align: center;\"><strong>Velocidad m\u00e1xima<\/strong><\/p>\n<\/div><\/div><\/div><\/div><\/div><div class=\"vc_col-sm-3 wpb_column vc_column_container\"><div class=\"vc_column-inner us_custom_38de86c8\"><div class=\"wpb_wrapper\"><div class=\"wpb_text_column\"><div class=\"wpb_wrapper\"><p style=\"text-align: center;\"><strong>Tama\u00f1o m\u00ednimo<\/strong><\/p>\n<\/div><\/div><\/div><\/div><\/div><div class=\"vc_col-sm-3 wpb_column vc_column_container\"><div class=\"vc_column-inner us_custom_38de86c8\"><div class=\"wpb_wrapper\"><div class=\"wpb_text_column\"><div class=\"wpb_wrapper\"><p style=\"text-align: center;\"><strong>Tama\u00f1o m\u00e1x.<\/strong><\/p>\n<\/div><\/div><\/div><\/div><\/div><\/div><div class=\"g-cols wpb_row hide_on_mobiles via_flex valign_top type_default stacking_default\"><div class=\"vc_col-sm-3 wpb_column vc_column_container\"><div class=\"vc_column-inner us_custom_71e478e7\"><div class=\"wpb_wrapper\"><div class=\"wpb_text_column\"><div class=\"wpb_wrapper\"><p style=\"text-align: center;\">RM AP<\/p>\n<\/div><\/div><\/div><\/div><\/div><div class=\"vc_col-sm-3 wpb_column vc_column_container\"><div class=\"vc_column-inner us_custom_38de86c8\"><div class=\"wpb_wrapper\"><div class=\"wpb_text_column\"><div class=\"wpb_wrapper\"><p style=\"text-align: center;\">15 ciclos\/minuto<\/p>\n<\/div><\/div><\/div><\/div><\/div><div class=\"vc_col-sm-3 wpb_column vc_column_container\"><div class=\"vc_column-inner us_custom_38de86c8\"><div class=\"wpb_wrapper\"><div class=\"wpb_text_column\"><div class=\"wpb_wrapper\"><p style=\"text-align: center;\">100x150x(H)100 mm<\/p>\n<\/div><\/div><\/div><\/div><\/div><div class=\"vc_col-sm-3 wpb_column vc_column_container\"><div class=\"vc_column-inner us_custom_38de86c8\"><div class=\"wpb_wrapper\"><div class=\"wpb_text_column\"><div class=\"wpb_wrapper\"><p style=\"text-align: center;\">600x400x(H)235 mm<\/p>\n<\/div><\/div><\/div><\/div><\/div><\/div><div class=\"w-separator size_medium\"><\/div><\/div><\/div><\/div><\/div><\/div><\/section><section class=\"l-section wpb_row hide_on_default hide_on_laptops hide_on_tablets height_auto width_full\"><div class=\"l-section-h i-cf\"><div class=\"g-cols vc_row via_flex valign_top type_default stacking_default\"><div class=\"vc_col-sm-12 wpb_column vc_column_container\"><div class=\"vc_column-inner\"><div class=\"wpb_wrapper\"><div class=\"w-image align_none\"><div class=\"w-image-h\"><img loading=\"lazy\" decoding=\"async\" width=\"1024\" height=\"88\" src=\"https:\/\/rama-web.com\/wp-content\/uploads\/2024\/10\/Schermata-2024-10-23-alle-15.19.54-1024x88.png\" class=\"attachment-large size-large\" alt=\"\" srcset=\"https:\/\/rama-web.com\/wp-content\/uploads\/2024\/10\/Schermata-2024-10-23-alle-15.19.54-1024x88.png 1024w, https:\/\/rama-web.com\/wp-content\/uploads\/2024\/10\/Schermata-2024-10-23-alle-15.19.54-300x26.png 300w, https:\/\/rama-web.com\/wp-content\/uploads\/2024\/10\/Schermata-2024-10-23-alle-15.19.54.png 1200w\" sizes=\"auto, (max-width: 1024px) 100vw, 1024px\" \/><\/div><\/div><div class=\"w-separator size_medium\"><\/div><\/div><\/div><\/div><\/div><\/div><\/section>\n","protected":false},"excerpt":{"rendered":"MAQUINARIA ABRECARTONES Las m\u00e1quinas abrecartones son id\u00f3neas a formar cajas americanas a partir de troqueles pre encolados luego cerrado en el fondo con cola caliente o cinta adhesiva. Esta tipolog\u00eda de envase es id\u00f3nea para la mayor\u00eda de los productos alimentares, los cuales necesitan un cargamento manual o autom\u00e1tico. \u00a1Cont\u00e1ctenos para descubrir m\u00e1s! CONT\u00c1CTENOSABRECARTONES M\u00e1quina...","protected":false},"author":1,"featured_media":1692,"parent":1631,"menu_order":0,"comment_status":"closed","ping_status":"closed","template":"","meta":{"footnotes":""},"class_list":["post-1698","page","type-page","status-publish","has-post-thumbnail","hentry"],"yoast_head":"<!-- This site is optimized with the Yoast SEO plugin v24.0 - https:\/\/yoast.com\/wordpress\/plugins\/seo\/ -->\n<title>Abrecartones - Rama srl<\/title>\n<meta name=\"robots\" content=\"index, follow, max-snippet:-1, max-image-preview:large, max-video-preview:-1\" \/>\n<link rel=\"canonical\" href=\"https:\/\/rama-web.com\/es\/maquinaria\/abrecartones\/\" \/>\n<meta property=\"og:locale\" content=\"es_ES\" \/>\n<meta property=\"og:type\" content=\"article\" \/>\n<meta property=\"og:title\" content=\"Abrecartones - Rama srl\" \/>\n<meta property=\"og:url\" content=\"https:\/\/rama-web.com\/es\/maquinaria\/abrecartones\/\" \/>\n<meta property=\"og:site_name\" content=\"Rama srl\" \/>\n<meta property=\"article:modified_time\" content=\"2024-11-08T14:50:27+00:00\" \/>\n<meta property=\"og:image\" content=\"https:\/\/rama-web.com\/wp-content\/uploads\/2024\/07\/apricartoni-Immagine1.jpg\" \/>\n\t<meta property=\"og:image:width\" content=\"722\" \/>\n\t<meta property=\"og:image:height\" content=\"281\" \/>\n\t<meta property=\"og:image:type\" content=\"image\/jpeg\" \/>\n<meta name=\"twitter:card\" content=\"summary_large_image\" \/>\n<meta name=\"twitter:label1\" content=\"Tiempo de lectura\" \/>\n\t<meta name=\"twitter:data1\" content=\"6 minutos\" \/>\n<script type=\"application\/ld+json\" class=\"yoast-schema-graph\">{\"@context\":\"https:\/\/schema.org\",\"@graph\":[{\"@type\":\"WebPage\",\"@id\":\"https:\/\/rama-web.com\/es\/maquinaria\/abrecartones\/\",\"url\":\"https:\/\/rama-web.com\/es\/maquinaria\/abrecartones\/\",\"name\":\"Abrecartones - Rama srl\",\"isPartOf\":{\"@id\":\"https:\/\/rama-web.com\/en\/#website\"},\"primaryImageOfPage\":{\"@id\":\"https:\/\/rama-web.com\/es\/maquinaria\/abrecartones\/#primaryimage\"},\"image\":{\"@id\":\"https:\/\/rama-web.com\/es\/maquinaria\/abrecartones\/#primaryimage\"},\"thumbnailUrl\":\"https:\/\/rama-web.com\/wp-content\/uploads\/2024\/07\/apricartoni-Immagine1.jpg\",\"datePublished\":\"2024-06-17T12:51:28+00:00\",\"dateModified\":\"2024-11-08T14:50:27+00:00\",\"breadcrumb\":{\"@id\":\"https:\/\/rama-web.com\/es\/maquinaria\/abrecartones\/#breadcrumb\"},\"inLanguage\":\"es\",\"potentialAction\":[{\"@type\":\"ReadAction\",\"target\":[\"https:\/\/rama-web.com\/es\/maquinaria\/abrecartones\/\"]}]},{\"@type\":\"ImageObject\",\"inLanguage\":\"es\",\"@id\":\"https:\/\/rama-web.com\/es\/maquinaria\/abrecartones\/#primaryimage\",\"url\":\"https:\/\/rama-web.com\/wp-content\/uploads\/2024\/07\/apricartoni-Immagine1.jpg\",\"contentUrl\":\"https:\/\/rama-web.com\/wp-content\/uploads\/2024\/07\/apricartoni-Immagine1.jpg\",\"width\":722,\"height\":281},{\"@type\":\"BreadcrumbList\",\"@id\":\"https:\/\/rama-web.com\/es\/maquinaria\/abrecartones\/#breadcrumb\",\"itemListElement\":[{\"@type\":\"ListItem\",\"position\":1,\"name\":\"Home\",\"item\":\"https:\/\/rama-web.com\/es\/\"},{\"@type\":\"ListItem\",\"position\":2,\"name\":\"Maquinaria\",\"item\":\"https:\/\/rama-web.com\/es\/maquinaria\/\"},{\"@type\":\"ListItem\",\"position\":3,\"name\":\"Abrecartones\"}]},{\"@type\":\"WebSite\",\"@id\":\"https:\/\/rama-web.com\/en\/#website\",\"url\":\"https:\/\/rama-web.com\/en\/\",\"name\":\"Rama srl\",\"description\":\"\",\"potentialAction\":[{\"@type\":\"SearchAction\",\"target\":{\"@type\":\"EntryPoint\",\"urlTemplate\":\"https:\/\/rama-web.com\/en\/?s={search_term_string}\"},\"query-input\":{\"@type\":\"PropertyValueSpecification\",\"valueRequired\":true,\"valueName\":\"search_term_string\"}}],\"inLanguage\":\"es\"}]}<\/script>\n<!-- \/ Yoast SEO plugin. -->","yoast_head_json":{"title":"Abrecartones - Rama srl","robots":{"index":"index","follow":"follow","max-snippet":"max-snippet:-1","max-image-preview":"max-image-preview:large","max-video-preview":"max-video-preview:-1"},"canonical":"https:\/\/rama-web.com\/es\/maquinaria\/abrecartones\/","og_locale":"es_ES","og_type":"article","og_title":"Abrecartones - Rama srl","og_url":"https:\/\/rama-web.com\/es\/maquinaria\/abrecartones\/","og_site_name":"Rama srl","article_modified_time":"2024-11-08T14:50:27+00:00","og_image":[{"width":722,"height":281,"url":"https:\/\/rama-web.com\/wp-content\/uploads\/2024\/07\/apricartoni-Immagine1.jpg","type":"image\/jpeg"}],"twitter_card":"summary_large_image","twitter_misc":{"Tiempo de lectura":"6 minutos"},"schema":{"@context":"https:\/\/schema.org","@graph":[{"@type":"WebPage","@id":"https:\/\/rama-web.com\/es\/maquinaria\/abrecartones\/","url":"https:\/\/rama-web.com\/es\/maquinaria\/abrecartones\/","name":"Abrecartones - Rama srl","isPartOf":{"@id":"https:\/\/rama-web.com\/en\/#website"},"primaryImageOfPage":{"@id":"https:\/\/rama-web.com\/es\/maquinaria\/abrecartones\/#primaryimage"},"image":{"@id":"https:\/\/rama-web.com\/es\/maquinaria\/abrecartones\/#primaryimage"},"thumbnailUrl":"https:\/\/rama-web.com\/wp-content\/uploads\/2024\/07\/apricartoni-Immagine1.jpg","datePublished":"2024-06-17T12:51:28+00:00","dateModified":"2024-11-08T14:50:27+00:00","breadcrumb":{"@id":"https:\/\/rama-web.com\/es\/maquinaria\/abrecartones\/#breadcrumb"},"inLanguage":"es","potentialAction":[{"@type":"ReadAction","target":["https:\/\/rama-web.com\/es\/maquinaria\/abrecartones\/"]}]},{"@type":"ImageObject","inLanguage":"es","@id":"https:\/\/rama-web.com\/es\/maquinaria\/abrecartones\/#primaryimage","url":"https:\/\/rama-web.com\/wp-content\/uploads\/2024\/07\/apricartoni-Immagine1.jpg","contentUrl":"https:\/\/rama-web.com\/wp-content\/uploads\/2024\/07\/apricartoni-Immagine1.jpg","width":722,"height":281},{"@type":"BreadcrumbList","@id":"https:\/\/rama-web.com\/es\/maquinaria\/abrecartones\/#breadcrumb","itemListElement":[{"@type":"ListItem","position":1,"name":"Home","item":"https:\/\/rama-web.com\/es\/"},{"@type":"ListItem","position":2,"name":"Maquinaria","item":"https:\/\/rama-web.com\/es\/maquinaria\/"},{"@type":"ListItem","position":3,"name":"Abrecartones"}]},{"@type":"WebSite","@id":"https:\/\/rama-web.com\/en\/#website","url":"https:\/\/rama-web.com\/en\/","name":"Rama srl","description":"","potentialAction":[{"@type":"SearchAction","target":{"@type":"EntryPoint","urlTemplate":"https:\/\/rama-web.com\/en\/?s={search_term_string}"},"query-input":{"@type":"PropertyValueSpecification","valueRequired":true,"valueName":"search_term_string"}}],"inLanguage":"es"}]}},"_links":{"self":[{"href":"https:\/\/rama-web.com\/es\/wp-json\/wp\/v2\/pages\/1698","targetHints":{"allow":["GET"]}}],"collection":[{"href":"https:\/\/rama-web.com\/es\/wp-json\/wp\/v2\/pages"}],"about":[{"href":"https:\/\/rama-web.com\/es\/wp-json\/wp\/v2\/types\/page"}],"author":[{"embeddable":true,"href":"https:\/\/rama-web.com\/es\/wp-json\/wp\/v2\/users\/1"}],"replies":[{"embeddable":true,"href":"https:\/\/rama-web.com\/es\/wp-json\/wp\/v2\/comments?post=1698"}],"version-history":[{"count":4,"href":"https:\/\/rama-web.com\/es\/wp-json\/wp\/v2\/pages\/1698\/revisions"}],"predecessor-version":[{"id":2413,"href":"https:\/\/rama-web.com\/es\/wp-json\/wp\/v2\/pages\/1698\/revisions\/2413"}],"up":[{"embeddable":true,"href":"https:\/\/rama-web.com\/es\/wp-json\/wp\/v2\/pages\/1631"}],"wp:featuredmedia":[{"embeddable":true,"href":"https:\/\/rama-web.com\/es\/wp-json\/wp\/v2\/media\/1692"}],"wp:attachment":[{"href":"https:\/\/rama-web.com\/es\/wp-json\/wp\/v2\/media?parent=1698"}],"curies":[{"name":"wp","href":"https:\/\/api.w.org\/{rel}","templated":true}]}}