{"id":1688,"date":"2024-05-29T16:54:11","date_gmt":"2024-05-29T14:54:11","guid":{"rendered":"http:\/\/staging.rama-web.com\/maquinaria\/encartonadoras\/"},"modified":"2024-11-08T15:51:02","modified_gmt":"2024-11-08T14:51:02","slug":"encartonadoras","status":"publish","type":"page","link":"https:\/\/rama-web.com\/es\/maquinaria\/encartonadoras\/","title":{"rendered":"Encartonadoras"},"content":{"rendered":"<section class=\"l-section wpb_row us_custom_6df4bc3a has_text_color height_huge with_img\"><div class=\"l-section-img\" role=\"img\" data-img-width=\"2560\" data-img-height=\"924\" style=\"background-image: url(https:\/\/rama-web.com\/wp-content\/uploads\/2024\/07\/incartonatrice-RM-I-C_-scaled.jpg);\"><\/div><div class=\"l-section-overlay\" style=\"background:rgba(0,0,0,0.24)\"><\/div><div class=\"l-section-h i-cf\"><div class=\"g-cols vc_row via_flex valign_top type_default stacking_default\"><div class=\"vc_col-sm-12 wpb_column vc_column_container\"><div class=\"vc_column-inner\"><div class=\"wpb_wrapper\"><div class=\"wpb_text_column\"><div class=\"wpb_wrapper\"><h1 style=\"text-align: center;\">MAQUINARIA<\/h1>\n<\/div><\/div><\/div><\/div><\/div><\/div><\/div><\/section><section class=\"l-section wpb_row height_medium\"><div class=\"l-section-h i-cf\"><div class=\"g-cols vc_row via_flex valign_top type_default stacking_default\"><div class=\"vc_col-sm-12 wpb_column vc_column_container\"><div class=\"vc_column-inner\"><div class=\"wpb_wrapper\"><div class=\"g-cols wpb_row via_flex valign_top type_default stacking_default\"><div class=\"vc_col-sm-12 wpb_column vc_column_container\"><div class=\"vc_column-inner\"><div class=\"wpb_wrapper\"><div class=\"wpb_text_column\"><div class=\"wpb_wrapper\"><h2><span style=\"color: #1d6bb7;\"><strong>ENCARTONADORAS<br \/>\n<\/strong><\/span><\/h2>\n<\/div><\/div><div class=\"w-separator size_small with_line width_default thick_1 style_solid color_primary align_center\"><div class=\"w-separator-h\"><\/div><\/div><div class=\"wpb_text_column\"><div class=\"wpb_wrapper\"><p>Las m\u00e1quinas encartonadoras son id\u00f3neas a formar cajas americanas, a partir de troqueles extendidos, luego insertando los productos seg\u00fan la configuraci\u00f3n requerida y cerr\u00e1ndolas con cola caliente o cinta adhesiva. Esta tipolog\u00eda de envase es ideal para la mayor\u00eda de los productos alimentares. \u00a1Cont\u00e1ctenos para descubrir m\u00e1s!<\/p>\n<\/div><\/div><div class=\"w-separator size_small\"><\/div><div class=\"w-btn-wrapper align_none\"><a class=\"w-btn us-btn-style_1\" href=\"https:\/\/rama-web.com\/es\/contactos\/\"><span class=\"w-btn-label\">CONT\u00c1CTENOS<\/span><\/a><\/div><\/div><\/div><\/div><\/div><\/div><\/div><\/div><\/div><\/div><\/section><section class=\"l-section wpb_row hide_on_mobiles height_auto\"><div class=\"l-section-h i-cf\"><div class=\"g-cols vc_row via_flex valign_top type_default stacking_default\"><div class=\"vc_col-sm-12 wpb_column vc_column_container\"><div class=\"vc_column-inner\"><div class=\"wpb_wrapper\"><div class=\"g-cols wpb_row us_custom_eb8b43df has_text_color hide_on_mobiles via_flex valign_top type_default stacking_default\"><div class=\"vc_col-sm-12 wpb_column vc_column_container\"><div class=\"vc_column-inner\"><div class=\"wpb_wrapper\"><div class=\"wpb_text_column\"><div class=\"wpb_wrapper\"><p style=\"text-align: center;\"><strong>ENCARTONADORAS<br \/>\n<\/strong><\/p>\n<\/div><\/div><\/div><\/div><\/div><\/div><div class=\"g-cols wpb_row hide_on_mobiles via_flex valign_top type_default stacking_default\"><div class=\"vc_col-sm-3 wpb_column vc_column_container\"><div class=\"vc_column-inner us_custom_71e478e7\"><div class=\"wpb_wrapper\"><div class=\"wpb_text_column\"><div class=\"wpb_wrapper\"><p style=\"text-align: center;\"><strong>M\u00e1quina<\/strong><\/p>\n<\/div><\/div><\/div><\/div><\/div><div class=\"vc_col-sm-3 wpb_column vc_column_container\"><div class=\"vc_column-inner us_custom_38de86c8\"><div class=\"wpb_wrapper\"><div class=\"wpb_text_column\"><div class=\"wpb_wrapper\"><p style=\"text-align: center;\"><strong>Velocidad m\u00e1xima<\/strong><\/p>\n<\/div><\/div><\/div><\/div><\/div><div class=\"vc_col-sm-3 wpb_column vc_column_container\"><div class=\"vc_column-inner us_custom_38de86c8\"><div class=\"wpb_wrapper\"><div class=\"wpb_text_column\"><div class=\"wpb_wrapper\"><p style=\"text-align: center;\"><strong>Tama\u00f1o m\u00ednimo<\/strong><\/p>\n<\/div><\/div><\/div><\/div><\/div><div class=\"vc_col-sm-3 wpb_column vc_column_container\"><div class=\"vc_column-inner us_custom_38de86c8\"><div class=\"wpb_wrapper\"><div class=\"wpb_text_column\"><div class=\"wpb_wrapper\"><p style=\"text-align: center;\"><strong>Tama\u00f1o m\u00e1x.<\/strong><\/p>\n<\/div><\/div><\/div><\/div><\/div><\/div><div class=\"g-cols wpb_row hide_on_mobiles via_flex valign_top type_default stacking_default\"><div class=\"vc_col-sm-3 wpb_column vc_column_container\"><div class=\"vc_column-inner us_custom_71e478e7\"><div class=\"wpb_wrapper\"><div class=\"wpb_text_column\"><div class=\"wpb_wrapper\"><p style=\"text-align: center;\">RM I-C<\/p>\n<\/div><\/div><\/div><\/div><\/div><div class=\"vc_col-sm-3 wpb_column vc_column_container\"><div class=\"vc_column-inner us_custom_38de86c8\"><div class=\"wpb_wrapper\"><div class=\"wpb_text_column\"><div class=\"wpb_wrapper\"><p style=\"text-align: center;\">12 ciclos\/minuto<\/p>\n<\/div><\/div><\/div><\/div><\/div><div class=\"vc_col-sm-3 wpb_column vc_column_container\"><div class=\"vc_column-inner us_custom_38de86c8\"><div class=\"wpb_wrapper\"><div class=\"wpb_text_column\"><div class=\"wpb_wrapper\"><p style=\"text-align: center;\">200x150x(H)125 mm<\/p>\n<\/div><\/div><\/div><\/div><\/div><div class=\"vc_col-sm-3 wpb_column vc_column_container\"><div class=\"vc_column-inner us_custom_38de86c8\"><div class=\"wpb_wrapper\"><div class=\"wpb_text_column\"><div class=\"wpb_wrapper\"><p style=\"text-align: center;\">600x300x(H)300 mm<\/p>\n<\/div><\/div><\/div><\/div><\/div><\/div><div class=\"w-separator size_medium\"><\/div><\/div><\/div><\/div><\/div><\/div><\/section><section class=\"l-section wpb_row hide_on_default hide_on_laptops hide_on_tablets height_auto width_full\"><div class=\"l-section-h i-cf\"><div class=\"g-cols vc_row via_flex valign_top type_default stacking_default\"><div class=\"vc_col-sm-12 wpb_column vc_column_container\"><div class=\"vc_column-inner\"><div class=\"wpb_wrapper\"><div class=\"w-image align_none\"><div class=\"w-image-h\"><img loading=\"lazy\" decoding=\"async\" width=\"1024\" height=\"86\" src=\"https:\/\/rama-web.com\/wp-content\/uploads\/2024\/10\/Schermata-2024-10-23-alle-15.21.52-1024x86.png\" class=\"attachment-large size-large\" alt=\"\" srcset=\"https:\/\/rama-web.com\/wp-content\/uploads\/2024\/10\/Schermata-2024-10-23-alle-15.21.52-1024x86.png 1024w, https:\/\/rama-web.com\/wp-content\/uploads\/2024\/10\/Schermata-2024-10-23-alle-15.21.52-300x25.png 300w, https:\/\/rama-web.com\/wp-content\/uploads\/2024\/10\/Schermata-2024-10-23-alle-15.21.52.png 1203w\" sizes=\"auto, (max-width: 1024px) 100vw, 1024px\" \/><\/div><\/div><div class=\"w-separator size_medium\"><\/div><\/div><\/div><\/div><\/div><\/div><\/section>\n","protected":false},"excerpt":{"rendered":"MAQUINARIA ENCARTONADORAS Las m\u00e1quinas encartonadoras son id\u00f3neas a formar cajas americanas, a partir de troqueles extendidos, luego insertando los productos seg\u00fan la configuraci\u00f3n requerida y cerr\u00e1ndolas con cola caliente o cinta adhesiva. Esta tipolog\u00eda de envase es ideal para la mayor\u00eda de los productos alimentares. \u00a1Cont\u00e1ctenos para descubrir m\u00e1s! CONT\u00c1CTENOSENCARTONADORAS M\u00e1quina Velocidad m\u00e1xima Tama\u00f1o m\u00ednimo...","protected":false},"author":1,"featured_media":1684,"parent":1631,"menu_order":0,"comment_status":"closed","ping_status":"closed","template":"","meta":{"footnotes":""},"class_list":["post-1688","page","type-page","status-publish","has-post-thumbnail","hentry"],"yoast_head":"<!-- This site is optimized with the Yoast SEO plugin v24.0 - https:\/\/yoast.com\/wordpress\/plugins\/seo\/ -->\n<title>Encartonadoras - Rama srl<\/title>\n<meta name=\"robots\" content=\"index, follow, max-snippet:-1, max-image-preview:large, max-video-preview:-1\" \/>\n<link rel=\"canonical\" href=\"https:\/\/rama-web.com\/es\/maquinaria\/encartonadoras\/\" \/>\n<meta property=\"og:locale\" content=\"es_ES\" \/>\n<meta property=\"og:type\" content=\"article\" \/>\n<meta property=\"og:title\" content=\"Encartonadoras - Rama srl\" \/>\n<meta property=\"og:url\" content=\"https:\/\/rama-web.com\/es\/maquinaria\/encartonadoras\/\" \/>\n<meta property=\"og:site_name\" content=\"Rama srl\" \/>\n<meta property=\"article:modified_time\" content=\"2024-11-08T14:51:02+00:00\" \/>\n<meta property=\"og:image\" content=\"https:\/\/rama-web.com\/wp-content\/uploads\/2024\/07\/incartonatrice-RM-I-C_-scaled.jpg\" \/>\n\t<meta property=\"og:image:width\" content=\"2560\" \/>\n\t<meta property=\"og:image:height\" content=\"924\" \/>\n\t<meta property=\"og:image:type\" content=\"image\/jpeg\" \/>\n<meta name=\"twitter:card\" content=\"summary_large_image\" \/>\n<meta name=\"twitter:label1\" content=\"Tiempo de lectura\" \/>\n\t<meta name=\"twitter:data1\" content=\"6 minutos\" \/>\n<script type=\"application\/ld+json\" class=\"yoast-schema-graph\">{\"@context\":\"https:\/\/schema.org\",\"@graph\":[{\"@type\":\"WebPage\",\"@id\":\"https:\/\/rama-web.com\/es\/maquinaria\/encartonadoras\/\",\"url\":\"https:\/\/rama-web.com\/es\/maquinaria\/encartonadoras\/\",\"name\":\"Encartonadoras - Rama srl\",\"isPartOf\":{\"@id\":\"https:\/\/rama-web.com\/en\/#website\"},\"primaryImageOfPage\":{\"@id\":\"https:\/\/rama-web.com\/es\/maquinaria\/encartonadoras\/#primaryimage\"},\"image\":{\"@id\":\"https:\/\/rama-web.com\/es\/maquinaria\/encartonadoras\/#primaryimage\"},\"thumbnailUrl\":\"https:\/\/rama-web.com\/wp-content\/uploads\/2024\/07\/incartonatrice-RM-I-C_-scaled.jpg\",\"datePublished\":\"2024-05-29T14:54:11+00:00\",\"dateModified\":\"2024-11-08T14:51:02+00:00\",\"breadcrumb\":{\"@id\":\"https:\/\/rama-web.com\/es\/maquinaria\/encartonadoras\/#breadcrumb\"},\"inLanguage\":\"es\",\"potentialAction\":[{\"@type\":\"ReadAction\",\"target\":[\"https:\/\/rama-web.com\/es\/maquinaria\/encartonadoras\/\"]}]},{\"@type\":\"ImageObject\",\"inLanguage\":\"es\",\"@id\":\"https:\/\/rama-web.com\/es\/maquinaria\/encartonadoras\/#primaryimage\",\"url\":\"https:\/\/rama-web.com\/wp-content\/uploads\/2024\/07\/incartonatrice-RM-I-C_-scaled.jpg\",\"contentUrl\":\"https:\/\/rama-web.com\/wp-content\/uploads\/2024\/07\/incartonatrice-RM-I-C_-scaled.jpg\",\"width\":2560,\"height\":924},{\"@type\":\"BreadcrumbList\",\"@id\":\"https:\/\/rama-web.com\/es\/maquinaria\/encartonadoras\/#breadcrumb\",\"itemListElement\":[{\"@type\":\"ListItem\",\"position\":1,\"name\":\"Home\",\"item\":\"https:\/\/rama-web.com\/es\/\"},{\"@type\":\"ListItem\",\"position\":2,\"name\":\"Maquinaria\",\"item\":\"https:\/\/rama-web.com\/es\/maquinaria\/\"},{\"@type\":\"ListItem\",\"position\":3,\"name\":\"Encartonadoras\"}]},{\"@type\":\"WebSite\",\"@id\":\"https:\/\/rama-web.com\/en\/#website\",\"url\":\"https:\/\/rama-web.com\/en\/\",\"name\":\"Rama srl\",\"description\":\"\",\"potentialAction\":[{\"@type\":\"SearchAction\",\"target\":{\"@type\":\"EntryPoint\",\"urlTemplate\":\"https:\/\/rama-web.com\/en\/?s={search_term_string}\"},\"query-input\":{\"@type\":\"PropertyValueSpecification\",\"valueRequired\":true,\"valueName\":\"search_term_string\"}}],\"inLanguage\":\"es\"}]}<\/script>\n<!-- \/ Yoast SEO plugin. -->","yoast_head_json":{"title":"Encartonadoras - Rama srl","robots":{"index":"index","follow":"follow","max-snippet":"max-snippet:-1","max-image-preview":"max-image-preview:large","max-video-preview":"max-video-preview:-1"},"canonical":"https:\/\/rama-web.com\/es\/maquinaria\/encartonadoras\/","og_locale":"es_ES","og_type":"article","og_title":"Encartonadoras - Rama srl","og_url":"https:\/\/rama-web.com\/es\/maquinaria\/encartonadoras\/","og_site_name":"Rama srl","article_modified_time":"2024-11-08T14:51:02+00:00","og_image":[{"width":2560,"height":924,"url":"https:\/\/rama-web.com\/wp-content\/uploads\/2024\/07\/incartonatrice-RM-I-C_-scaled.jpg","type":"image\/jpeg"}],"twitter_card":"summary_large_image","twitter_misc":{"Tiempo de lectura":"6 minutos"},"schema":{"@context":"https:\/\/schema.org","@graph":[{"@type":"WebPage","@id":"https:\/\/rama-web.com\/es\/maquinaria\/encartonadoras\/","url":"https:\/\/rama-web.com\/es\/maquinaria\/encartonadoras\/","name":"Encartonadoras - Rama srl","isPartOf":{"@id":"https:\/\/rama-web.com\/en\/#website"},"primaryImageOfPage":{"@id":"https:\/\/rama-web.com\/es\/maquinaria\/encartonadoras\/#primaryimage"},"image":{"@id":"https:\/\/rama-web.com\/es\/maquinaria\/encartonadoras\/#primaryimage"},"thumbnailUrl":"https:\/\/rama-web.com\/wp-content\/uploads\/2024\/07\/incartonatrice-RM-I-C_-scaled.jpg","datePublished":"2024-05-29T14:54:11+00:00","dateModified":"2024-11-08T14:51:02+00:00","breadcrumb":{"@id":"https:\/\/rama-web.com\/es\/maquinaria\/encartonadoras\/#breadcrumb"},"inLanguage":"es","potentialAction":[{"@type":"ReadAction","target":["https:\/\/rama-web.com\/es\/maquinaria\/encartonadoras\/"]}]},{"@type":"ImageObject","inLanguage":"es","@id":"https:\/\/rama-web.com\/es\/maquinaria\/encartonadoras\/#primaryimage","url":"https:\/\/rama-web.com\/wp-content\/uploads\/2024\/07\/incartonatrice-RM-I-C_-scaled.jpg","contentUrl":"https:\/\/rama-web.com\/wp-content\/uploads\/2024\/07\/incartonatrice-RM-I-C_-scaled.jpg","width":2560,"height":924},{"@type":"BreadcrumbList","@id":"https:\/\/rama-web.com\/es\/maquinaria\/encartonadoras\/#breadcrumb","itemListElement":[{"@type":"ListItem","position":1,"name":"Home","item":"https:\/\/rama-web.com\/es\/"},{"@type":"ListItem","position":2,"name":"Maquinaria","item":"https:\/\/rama-web.com\/es\/maquinaria\/"},{"@type":"ListItem","position":3,"name":"Encartonadoras"}]},{"@type":"WebSite","@id":"https:\/\/rama-web.com\/en\/#website","url":"https:\/\/rama-web.com\/en\/","name":"Rama srl","description":"","potentialAction":[{"@type":"SearchAction","target":{"@type":"EntryPoint","urlTemplate":"https:\/\/rama-web.com\/en\/?s={search_term_string}"},"query-input":{"@type":"PropertyValueSpecification","valueRequired":true,"valueName":"search_term_string"}}],"inLanguage":"es"}]}},"_links":{"self":[{"href":"https:\/\/rama-web.com\/es\/wp-json\/wp\/v2\/pages\/1688","targetHints":{"allow":["GET"]}}],"collection":[{"href":"https:\/\/rama-web.com\/es\/wp-json\/wp\/v2\/pages"}],"about":[{"href":"https:\/\/rama-web.com\/es\/wp-json\/wp\/v2\/types\/page"}],"author":[{"embeddable":true,"href":"https:\/\/rama-web.com\/es\/wp-json\/wp\/v2\/users\/1"}],"replies":[{"embeddable":true,"href":"https:\/\/rama-web.com\/es\/wp-json\/wp\/v2\/comments?post=1688"}],"version-history":[{"count":5,"href":"https:\/\/rama-web.com\/es\/wp-json\/wp\/v2\/pages\/1688\/revisions"}],"predecessor-version":[{"id":2416,"href":"https:\/\/rama-web.com\/es\/wp-json\/wp\/v2\/pages\/1688\/revisions\/2416"}],"up":[{"embeddable":true,"href":"https:\/\/rama-web.com\/es\/wp-json\/wp\/v2\/pages\/1631"}],"wp:featuredmedia":[{"embeddable":true,"href":"https:\/\/rama-web.com\/es\/wp-json\/wp\/v2\/media\/1684"}],"wp:attachment":[{"href":"https:\/\/rama-web.com\/es\/wp-json\/wp\/v2\/media?parent=1688"}],"curies":[{"name":"wp","href":"https:\/\/api.w.org\/{rel}","templated":true}]}}