{"id":1657,"date":"2024-05-29T17:42:31","date_gmt":"2024-05-29T15:42:31","guid":{"rendered":"http:\/\/staging.rama-web.com\/maquinaria\/manipuladores\/"},"modified":"2024-11-08T15:51:32","modified_gmt":"2024-11-08T14:51:32","slug":"manipuladores","status":"publish","type":"page","link":"https:\/\/rama-web.com\/es\/maquinaria\/manipuladores\/","title":{"rendered":"Manipuladores"},"content":{"rendered":"<section class=\"l-section wpb_row us_custom_6df4bc3a has_text_color height_huge with_img\"><div class=\"l-section-img\" role=\"img\" data-img-width=\"907\" data-img-height=\"295\" style=\"background-image: url(https:\/\/rama-web.com\/wp-content\/uploads\/2024\/07\/manipolatori-Immagine-3.jpg);\"><\/div><div class=\"l-section-overlay\" style=\"background:rgba(0,0,0,0.24)\"><\/div><div class=\"l-section-h i-cf\"><div class=\"g-cols vc_row via_flex valign_top type_default stacking_default\"><div class=\"vc_col-sm-12 wpb_column vc_column_container\"><div class=\"vc_column-inner\"><div class=\"wpb_wrapper\"><div class=\"wpb_text_column\"><div class=\"wpb_wrapper\"><h1 style=\"text-align: center;\">MAQUINARIA<\/h1>\n<\/div><\/div><\/div><\/div><\/div><\/div><\/div><\/section><section class=\"l-section wpb_row height_medium\"><div class=\"l-section-h i-cf\"><div class=\"g-cols vc_row via_flex valign_top type_default stacking_default\"><div class=\"vc_col-sm-12 wpb_column vc_column_container\"><div class=\"vc_column-inner\"><div class=\"wpb_wrapper\"><div class=\"g-cols wpb_row via_flex valign_top type_default stacking_default\"><div class=\"vc_col-sm-6 wpb_column vc_column_container\"><div class=\"vc_column-inner\"><div class=\"wpb_wrapper\"><div class=\"wpb_text_column\"><div class=\"wpb_wrapper\"><h2><span style=\"color: #1d6bb7;\"><strong>MANIPULADORES<\/strong><\/span><\/h2>\n<\/div><\/div><div class=\"w-separator size_small with_line width_default thick_1 style_solid color_primary align_center\"><div class=\"w-separator-h\"><\/div><\/div><div class=\"wpb_text_column\"><div class=\"wpb_wrapper\"><p>Los manipuladores son estaciones de carga id\u00f3neas a colocar en autom\u00e1tico desde arriba los productos en los envases, seg\u00fan la configuraci\u00f3n requerida y gestionando el producto singular gracias a cintas con trenos de estrellas o mediante visi\u00f3n artificial. Estas m\u00e1quinas pueden ser de tipo cartesiano, articulados planares o flex picker. \u00a1Cont\u00e1ctenos para descubrir m\u00e1s!<\/p>\n<\/div><\/div><div class=\"w-separator size_small\"><\/div><div class=\"w-btn-wrapper align_none\"><a class=\"w-btn us-btn-style_1\" href=\"https:\/\/rama-web.com\/es\/contactos\/\"><span class=\"w-btn-label\">CONT\u00c1CTENOS<\/span><\/a><\/div><\/div><\/div><\/div><div class=\"vc_col-sm-6 wpb_column vc_column_container\"><div class=\"vc_column-inner\"><div class=\"wpb_wrapper\"><div class=\"w-slider style_none fit_scaledown\"><div class=\"w-slider-h\"><div class=\"royalSlider\"><div class=\"rsContent\"><a class=\"rsImg\" data-rsw=\"1024\" data-rsh=\"576\" href=\"https:\/\/rama-web.com\/wp-content\/uploads\/2024\/08\/KS650484402.60-min-1024x576.jpg\"><span data-alt=\"\"><\/span><\/a><\/div><div class=\"rsContent\"><a class=\"rsImg\" data-rsw=\"1024\" data-rsh=\"576\" href=\"https:\/\/rama-web.com\/wp-content\/uploads\/2024\/08\/KS650484402.61-min-1024x576.jpg\"><span data-alt=\"\"><\/span><\/a><\/div><\/div><img decoding=\"async\" src=\"https:\/\/rama-web.com\/wp-content\/uploads\/2024\/08\/KS650484402.60-min-1024x576.jpg\" width=\"1024\" height=\"576\" alt loading=\"lazy\"><\/div><div class=\"w-slider-json\" onclick='return {&quot;autoScaleSlider&quot;:true,&quot;loop&quot;:true,&quot;fadeInLoadedSlide&quot;:false,&quot;slidesSpacing&quot;:0,&quot;imageScalePadding&quot;:0,&quot;numImagesToPreload&quot;:2,&quot;arrowsNav&quot;:true,&quot;arrowsNavAutoHide&quot;:false,&quot;transitionType&quot;:&quot;move&quot;,&quot;transitionSpeed&quot;:250,&quot;block&quot;:{&quot;moveEffect&quot;:&quot;none&quot;,&quot;speed&quot;:300},&quot;thumbs&quot;:{&quot;fitInViewport&quot;:false},&quot;controlNavigation&quot;:&quot;none&quot;,&quot;imageScaleMode&quot;:&quot;fit-if-smaller&quot;,&quot;autoScaleSliderWidth&quot;:1024,&quot;autoScaleSliderHeight&quot;:576}'><\/div><\/div><\/div><\/div><\/div><\/div><\/div><\/div><\/div><\/div><\/div><\/section>\n","protected":false},"excerpt":{"rendered":"MAQUINARIA MANIPULADORES Los manipuladores son estaciones de carga id\u00f3neas a colocar en autom\u00e1tico desde arriba los productos en los envases, seg\u00fan la configuraci\u00f3n requerida y gestionando el producto singular gracias a cintas con trenos de estrellas o mediante visi\u00f3n artificial. Estas m\u00e1quinas pueden ser de tipo cartesiano, articulados planares o flex picker. \u00a1Cont\u00e1ctenos para descubrir...","protected":false},"author":1,"featured_media":1652,"parent":1631,"menu_order":0,"comment_status":"closed","ping_status":"closed","template":"","meta":{"footnotes":""},"class_list":["post-1657","page","type-page","status-publish","has-post-thumbnail","hentry"],"yoast_head":"<!-- This site is optimized with the Yoast SEO plugin v24.0 - https:\/\/yoast.com\/wordpress\/plugins\/seo\/ -->\n<title>Manipuladores - Rama srl<\/title>\n<meta name=\"robots\" content=\"index, follow, max-snippet:-1, max-image-preview:large, max-video-preview:-1\" \/>\n<link rel=\"canonical\" href=\"https:\/\/rama-web.com\/es\/maquinaria\/manipuladores\/\" \/>\n<meta property=\"og:locale\" content=\"es_ES\" \/>\n<meta property=\"og:type\" content=\"article\" \/>\n<meta property=\"og:title\" content=\"Manipuladores - Rama srl\" \/>\n<meta property=\"og:url\" content=\"https:\/\/rama-web.com\/es\/maquinaria\/manipuladores\/\" \/>\n<meta property=\"og:site_name\" content=\"Rama srl\" \/>\n<meta property=\"article:modified_time\" content=\"2024-11-08T14:51:32+00:00\" \/>\n<meta property=\"og:image\" content=\"https:\/\/rama-web.com\/wp-content\/uploads\/2024\/07\/manipolatori-Immagine-3.jpg\" \/>\n\t<meta property=\"og:image:width\" content=\"907\" \/>\n\t<meta property=\"og:image:height\" content=\"295\" \/>\n\t<meta property=\"og:image:type\" content=\"image\/jpeg\" \/>\n<meta name=\"twitter:card\" content=\"summary_large_image\" \/>\n<meta name=\"twitter:label1\" content=\"Tiempo de lectura\" \/>\n\t<meta name=\"twitter:data1\" content=\"1 minuto\" \/>\n<script type=\"application\/ld+json\" class=\"yoast-schema-graph\">{\"@context\":\"https:\/\/schema.org\",\"@graph\":[{\"@type\":\"WebPage\",\"@id\":\"https:\/\/rama-web.com\/es\/maquinaria\/manipuladores\/\",\"url\":\"https:\/\/rama-web.com\/es\/maquinaria\/manipuladores\/\",\"name\":\"Manipuladores - Rama srl\",\"isPartOf\":{\"@id\":\"https:\/\/rama-web.com\/en\/#website\"},\"primaryImageOfPage\":{\"@id\":\"https:\/\/rama-web.com\/es\/maquinaria\/manipuladores\/#primaryimage\"},\"image\":{\"@id\":\"https:\/\/rama-web.com\/es\/maquinaria\/manipuladores\/#primaryimage\"},\"thumbnailUrl\":\"https:\/\/rama-web.com\/wp-content\/uploads\/2024\/07\/manipolatori-Immagine-3.jpg\",\"datePublished\":\"2024-05-29T15:42:31+00:00\",\"dateModified\":\"2024-11-08T14:51:32+00:00\",\"breadcrumb\":{\"@id\":\"https:\/\/rama-web.com\/es\/maquinaria\/manipuladores\/#breadcrumb\"},\"inLanguage\":\"es\",\"potentialAction\":[{\"@type\":\"ReadAction\",\"target\":[\"https:\/\/rama-web.com\/es\/maquinaria\/manipuladores\/\"]}]},{\"@type\":\"ImageObject\",\"inLanguage\":\"es\",\"@id\":\"https:\/\/rama-web.com\/es\/maquinaria\/manipuladores\/#primaryimage\",\"url\":\"https:\/\/rama-web.com\/wp-content\/uploads\/2024\/07\/manipolatori-Immagine-3.jpg\",\"contentUrl\":\"https:\/\/rama-web.com\/wp-content\/uploads\/2024\/07\/manipolatori-Immagine-3.jpg\",\"width\":907,\"height\":295},{\"@type\":\"BreadcrumbList\",\"@id\":\"https:\/\/rama-web.com\/es\/maquinaria\/manipuladores\/#breadcrumb\",\"itemListElement\":[{\"@type\":\"ListItem\",\"position\":1,\"name\":\"Home\",\"item\":\"https:\/\/rama-web.com\/es\/\"},{\"@type\":\"ListItem\",\"position\":2,\"name\":\"Maquinaria\",\"item\":\"https:\/\/rama-web.com\/es\/maquinaria\/\"},{\"@type\":\"ListItem\",\"position\":3,\"name\":\"Manipuladores\"}]},{\"@type\":\"WebSite\",\"@id\":\"https:\/\/rama-web.com\/en\/#website\",\"url\":\"https:\/\/rama-web.com\/en\/\",\"name\":\"Rama srl\",\"description\":\"\",\"potentialAction\":[{\"@type\":\"SearchAction\",\"target\":{\"@type\":\"EntryPoint\",\"urlTemplate\":\"https:\/\/rama-web.com\/en\/?s={search_term_string}\"},\"query-input\":{\"@type\":\"PropertyValueSpecification\",\"valueRequired\":true,\"valueName\":\"search_term_string\"}}],\"inLanguage\":\"es\"}]}<\/script>\n<!-- \/ Yoast SEO plugin. -->","yoast_head_json":{"title":"Manipuladores - Rama srl","robots":{"index":"index","follow":"follow","max-snippet":"max-snippet:-1","max-image-preview":"max-image-preview:large","max-video-preview":"max-video-preview:-1"},"canonical":"https:\/\/rama-web.com\/es\/maquinaria\/manipuladores\/","og_locale":"es_ES","og_type":"article","og_title":"Manipuladores - Rama srl","og_url":"https:\/\/rama-web.com\/es\/maquinaria\/manipuladores\/","og_site_name":"Rama srl","article_modified_time":"2024-11-08T14:51:32+00:00","og_image":[{"width":907,"height":295,"url":"https:\/\/rama-web.com\/wp-content\/uploads\/2024\/07\/manipolatori-Immagine-3.jpg","type":"image\/jpeg"}],"twitter_card":"summary_large_image","twitter_misc":{"Tiempo de lectura":"1 minuto"},"schema":{"@context":"https:\/\/schema.org","@graph":[{"@type":"WebPage","@id":"https:\/\/rama-web.com\/es\/maquinaria\/manipuladores\/","url":"https:\/\/rama-web.com\/es\/maquinaria\/manipuladores\/","name":"Manipuladores - Rama srl","isPartOf":{"@id":"https:\/\/rama-web.com\/en\/#website"},"primaryImageOfPage":{"@id":"https:\/\/rama-web.com\/es\/maquinaria\/manipuladores\/#primaryimage"},"image":{"@id":"https:\/\/rama-web.com\/es\/maquinaria\/manipuladores\/#primaryimage"},"thumbnailUrl":"https:\/\/rama-web.com\/wp-content\/uploads\/2024\/07\/manipolatori-Immagine-3.jpg","datePublished":"2024-05-29T15:42:31+00:00","dateModified":"2024-11-08T14:51:32+00:00","breadcrumb":{"@id":"https:\/\/rama-web.com\/es\/maquinaria\/manipuladores\/#breadcrumb"},"inLanguage":"es","potentialAction":[{"@type":"ReadAction","target":["https:\/\/rama-web.com\/es\/maquinaria\/manipuladores\/"]}]},{"@type":"ImageObject","inLanguage":"es","@id":"https:\/\/rama-web.com\/es\/maquinaria\/manipuladores\/#primaryimage","url":"https:\/\/rama-web.com\/wp-content\/uploads\/2024\/07\/manipolatori-Immagine-3.jpg","contentUrl":"https:\/\/rama-web.com\/wp-content\/uploads\/2024\/07\/manipolatori-Immagine-3.jpg","width":907,"height":295},{"@type":"BreadcrumbList","@id":"https:\/\/rama-web.com\/es\/maquinaria\/manipuladores\/#breadcrumb","itemListElement":[{"@type":"ListItem","position":1,"name":"Home","item":"https:\/\/rama-web.com\/es\/"},{"@type":"ListItem","position":2,"name":"Maquinaria","item":"https:\/\/rama-web.com\/es\/maquinaria\/"},{"@type":"ListItem","position":3,"name":"Manipuladores"}]},{"@type":"WebSite","@id":"https:\/\/rama-web.com\/en\/#website","url":"https:\/\/rama-web.com\/en\/","name":"Rama srl","description":"","potentialAction":[{"@type":"SearchAction","target":{"@type":"EntryPoint","urlTemplate":"https:\/\/rama-web.com\/en\/?s={search_term_string}"},"query-input":{"@type":"PropertyValueSpecification","valueRequired":true,"valueName":"search_term_string"}}],"inLanguage":"es"}]}},"_links":{"self":[{"href":"https:\/\/rama-web.com\/es\/wp-json\/wp\/v2\/pages\/1657","targetHints":{"allow":["GET"]}}],"collection":[{"href":"https:\/\/rama-web.com\/es\/wp-json\/wp\/v2\/pages"}],"about":[{"href":"https:\/\/rama-web.com\/es\/wp-json\/wp\/v2\/types\/page"}],"author":[{"embeddable":true,"href":"https:\/\/rama-web.com\/es\/wp-json\/wp\/v2\/users\/1"}],"replies":[{"embeddable":true,"href":"https:\/\/rama-web.com\/es\/wp-json\/wp\/v2\/comments?post=1657"}],"version-history":[{"count":3,"href":"https:\/\/rama-web.com\/es\/wp-json\/wp\/v2\/pages\/1657\/revisions"}],"predecessor-version":[{"id":2419,"href":"https:\/\/rama-web.com\/es\/wp-json\/wp\/v2\/pages\/1657\/revisions\/2419"}],"up":[{"embeddable":true,"href":"https:\/\/rama-web.com\/es\/wp-json\/wp\/v2\/pages\/1631"}],"wp:featuredmedia":[{"embeddable":true,"href":"https:\/\/rama-web.com\/es\/wp-json\/wp\/v2\/media\/1652"}],"wp:attachment":[{"href":"https:\/\/rama-web.com\/es\/wp-json\/wp\/v2\/media?parent=1657"}],"curies":[{"name":"wp","href":"https:\/\/api.w.org\/{rel}","templated":true}]}}