{"id":1646,"date":"2024-05-29T17:34:25","date_gmt":"2024-05-29T15:34:25","guid":{"rendered":"http:\/\/staging.rama-web.com\/maquinaria\/multipacks\/"},"modified":"2024-11-15T14:54:58","modified_gmt":"2024-11-15T13:54:58","slug":"multipacks","status":"publish","type":"page","link":"https:\/\/rama-web.com\/es\/maquinaria\/multipacks\/","title":{"rendered":"Multipacks"},"content":{"rendered":"<section class=\"l-section wpb_row us_custom_6df4bc3a has_text_color height_huge with_img\"><div class=\"l-section-img\" role=\"img\" data-img-width=\"2560\" data-img-height=\"669\" style=\"background-image: url(https:\/\/rama-web.com\/wp-content\/uploads\/2024\/07\/multipack-DSC_9980-2-scaled.jpg);\"><\/div><div class=\"l-section-overlay\" style=\"background:rgba(0,0,0,0.24)\"><\/div><div class=\"l-section-h i-cf\"><div class=\"g-cols vc_row via_flex valign_top type_default stacking_default\"><div class=\"vc_col-sm-12 wpb_column vc_column_container\"><div class=\"vc_column-inner\"><div class=\"wpb_wrapper\"><div class=\"wpb_text_column\"><div class=\"wpb_wrapper\"><h1 style=\"text-align: center;\"><strong>MAQUINARIA<\/strong><\/h1>\n<\/div><\/div><\/div><\/div><\/div><\/div><\/div><\/section><section class=\"l-section wpb_row height_medium\"><div class=\"l-section-h i-cf\"><div class=\"g-cols vc_row via_flex valign_top type_default stacking_default\"><div class=\"vc_col-sm-12 wpb_column vc_column_container\"><div class=\"vc_column-inner\"><div class=\"wpb_wrapper\"><div class=\"g-cols wpb_row via_flex valign_top type_default stacking_default\"><div class=\"vc_col-sm-6 wpb_column vc_column_container\"><div class=\"vc_column-inner\"><div class=\"wpb_wrapper\"><div class=\"wpb_text_column\"><div class=\"wpb_wrapper\"><h2><span style=\"color: #1d6bb7;\"><strong>MULTIPACKS<\/strong><\/span><\/h2>\n<\/div><\/div><div class=\"w-separator size_small with_line width_default thick_1 style_solid color_primary align_center\"><div class=\"w-separator-h\"><\/div><\/div><div class=\"wpb_text_column\"><div class=\"wpb_wrapper\"><p>Las m\u00e1quinas multipacks son id\u00f3neas para envasar diferentes tipolog\u00edas de embalaje en fajas de cart\u00f3n envueltas alrededor de los productos y cerradas con cola caliente, seg\u00fan una amplia gama de configuraciones. Estas m\u00e1quinas son ideales para envasar frascos, latas, tarros etc. \u00a1Cont\u00e1ctenos para descubrir m\u00e1s!<\/p>\n<\/div><\/div><div class=\"w-separator size_small\"><\/div><div class=\"w-btn-wrapper align_none\"><a class=\"w-btn us-btn-style_1\" href=\"https:\/\/rama-web.com\/es\/contactos\/\"><span class=\"w-btn-label\">CONT\u00c1CTENOS<\/span><\/a><\/div><\/div><\/div><\/div><div class=\"vc_col-sm-6 wpb_column vc_column_container\"><div class=\"vc_column-inner\"><div class=\"wpb_wrapper\"><div class=\"w-slider style_none fit_scaledown\"><div class=\"w-slider-h\"><div class=\"royalSlider\"><div class=\"rsContent\"><a class=\"rsImg\" data-rsw=\"1024\" data-rsh=\"576\" href=\"https:\/\/rama-web.com\/wp-content\/uploads\/2024\/08\/KS3317529514.54-min-1024x576.png\"><span data-alt=\"\"><\/span><\/a><\/div><div class=\"rsContent\"><a class=\"rsImg\" data-rsw=\"1024\" data-rsh=\"576\" href=\"https:\/\/rama-web.com\/wp-content\/uploads\/2024\/08\/KS3317529514.55-min-1024x576.jpg\"><span data-alt=\"\"><\/span><\/a><\/div><\/div><img decoding=\"async\" src=\"https:\/\/rama-web.com\/wp-content\/uploads\/2024\/08\/KS3317529514.54-min-1024x576.png\" width=\"1024\" height=\"576\" alt loading=\"lazy\"><\/div><div class=\"w-slider-json\" onclick='return {&quot;autoScaleSlider&quot;:true,&quot;loop&quot;:true,&quot;fadeInLoadedSlide&quot;:false,&quot;slidesSpacing&quot;:0,&quot;imageScalePadding&quot;:0,&quot;numImagesToPreload&quot;:2,&quot;arrowsNav&quot;:true,&quot;arrowsNavAutoHide&quot;:false,&quot;transitionType&quot;:&quot;move&quot;,&quot;transitionSpeed&quot;:250,&quot;block&quot;:{&quot;moveEffect&quot;:&quot;none&quot;,&quot;speed&quot;:300},&quot;thumbs&quot;:{&quot;fitInViewport&quot;:false},&quot;controlNavigation&quot;:&quot;none&quot;,&quot;imageScaleMode&quot;:&quot;fit-if-smaller&quot;,&quot;autoScaleSliderWidth&quot;:1024,&quot;autoScaleSliderHeight&quot;:576}'><\/div><\/div><\/div><\/div><\/div><\/div><\/div><\/div><\/div><\/div><\/div><\/section><section class=\"l-section wpb_row hide_on_mobiles height_auto\"><div class=\"l-section-h i-cf\"><div class=\"g-cols vc_row via_flex valign_top type_default stacking_default\"><div class=\"vc_col-sm-12 wpb_column vc_column_container\"><div class=\"vc_column-inner\"><div class=\"wpb_wrapper\"><div class=\"g-cols wpb_row us_custom_eb8b43df has_text_color hide_on_mobiles via_flex valign_top type_default stacking_default\"><div class=\"vc_col-sm-12 wpb_column vc_column_container\"><div class=\"vc_column-inner\"><div class=\"wpb_wrapper\"><div class=\"wpb_text_column\"><div class=\"wpb_wrapper\"><p style=\"text-align: center;\"><strong>MULTIPACK<\/strong><\/p>\n<\/div><\/div><\/div><\/div><\/div><\/div><div class=\"g-cols wpb_row hide_on_mobiles via_flex valign_top type_default stacking_default\"><div class=\"vc_col-sm-6 wpb_column vc_column_container\"><div class=\"vc_column-inner us_custom_71e478e7\"><div class=\"wpb_wrapper\"><div class=\"wpb_text_column\"><div class=\"wpb_wrapper\"><p style=\"text-align: center;\"><strong>M\u00e1quina<\/strong><\/p>\n<\/div><\/div><\/div><\/div><\/div><div class=\"vc_col-sm-6 wpb_column vc_column_container\"><div class=\"vc_column-inner us_custom_38de86c8\"><div class=\"wpb_wrapper\"><div class=\"wpb_text_column\"><div class=\"wpb_wrapper\"><p style=\"text-align: center;\"><strong>Velocidad m\u00e1xima<\/strong><\/p>\n<\/div><\/div><\/div><\/div><\/div><\/div><div class=\"g-cols wpb_row hide_on_mobiles via_flex valign_top type_default stacking_default\"><div class=\"vc_col-sm-6 wpb_column vc_column_container\"><div class=\"vc_column-inner us_custom_71e478e7\"><div class=\"wpb_wrapper\"><div class=\"wpb_text_column\"><div class=\"wpb_wrapper\"><p style=\"text-align: center;\">RM 70<\/p>\n<\/div><\/div><\/div><\/div><\/div><div class=\"vc_col-sm-6 wpb_column vc_column_container\"><div class=\"vc_column-inner us_custom_38de86c8\"><div class=\"wpb_wrapper\"><div class=\"wpb_text_column\"><div class=\"wpb_wrapper\"><p style=\"text-align: center;\">70 ciclos\/minuto<\/p>\n<\/div><\/div><\/div><\/div><\/div><\/div><div class=\"g-cols wpb_row hide_on_mobiles via_flex valign_top type_default stacking_default\"><div class=\"vc_col-sm-6 wpb_column vc_column_container\"><div class=\"vc_column-inner us_custom_71e478e7\"><div class=\"wpb_wrapper\"><div class=\"wpb_text_column\"><div class=\"wpb_wrapper\"><p style=\"text-align: center;\">RM 200<\/p>\n<\/div><\/div><\/div><\/div><\/div><div class=\"vc_col-sm-6 wpb_column vc_column_container\"><div class=\"vc_column-inner us_custom_38de86c8\"><div class=\"wpb_wrapper\"><div class=\"wpb_text_column\"><div class=\"wpb_wrapper\"><p style=\"text-align: center;\">200 ciclos\/minuto<\/p>\n<\/div><\/div><\/div><\/div><\/div><\/div><div class=\"g-cols wpb_row hide_on_mobiles via_flex valign_top type_default stacking_default\"><div class=\"vc_col-sm-6 wpb_column vc_column_container\"><div class=\"vc_column-inner us_custom_71e478e7\"><div class=\"wpb_wrapper\"><div class=\"wpb_text_column\"><div class=\"wpb_wrapper\"><p style=\"text-align: center;\">RM 300<\/p>\n<\/div><\/div><\/div><\/div><\/div><div class=\"vc_col-sm-6 wpb_column vc_column_container\"><div class=\"vc_column-inner us_custom_38de86c8\"><div class=\"wpb_wrapper\"><div class=\"wpb_text_column\"><div class=\"wpb_wrapper\"><p style=\"text-align: center;\">300 ciclos\/minuto<\/p>\n<\/div><\/div><\/div><\/div><\/div><\/div><div class=\"g-cols wpb_row hide_on_mobiles via_flex valign_top type_default stacking_default\"><div class=\"vc_col-sm-6 wpb_column vc_column_container\"><div class=\"vc_column-inner us_custom_71e478e7\"><div class=\"wpb_wrapper\"><div class=\"wpb_text_column\"><div class=\"wpb_wrapper\"><p style=\"text-align: center;\">RM Batpack<\/p>\n<\/div><\/div><\/div><\/div><\/div><div class=\"vc_col-sm-6 wpb_column vc_column_container\"><div class=\"vc_column-inner us_custom_38de86c8\"><div class=\"wpb_wrapper\"><div class=\"wpb_text_column\"><div class=\"wpb_wrapper\"><p style=\"text-align: center;\">140 ciclos\/minuto<\/p>\n<\/div><\/div><\/div><\/div><\/div><\/div><div class=\"g-cols wpb_row hide_on_mobiles via_flex valign_top type_default stacking_default\"><div class=\"vc_col-sm-6 wpb_column vc_column_container\"><div class=\"vc_column-inner us_custom_71e478e7\"><div class=\"wpb_wrapper\"><div class=\"wpb_text_column\"><div class=\"wpb_wrapper\"><p style=\"text-align: center;\">RM SMS<\/p>\n<\/div><\/div><\/div><\/div><\/div><div class=\"vc_col-sm-6 wpb_column vc_column_container\"><div class=\"vc_column-inner us_custom_38de86c8\"><div class=\"wpb_wrapper\"><div class=\"wpb_text_column\"><div class=\"wpb_wrapper\"><p style=\"text-align: center;\">35 ciclos\/minuto<\/p>\n<\/div><\/div><\/div><\/div><\/div><\/div><div class=\"w-separator size_medium\"><\/div><\/div><\/div><\/div><\/div><\/div><\/section><section class=\"l-section wpb_row hide_on_default hide_on_laptops hide_on_tablets height_auto width_full\"><div class=\"l-section-h i-cf\"><div class=\"g-cols vc_row via_flex valign_top type_default stacking_default\"><div class=\"vc_col-sm-12 wpb_column vc_column_container\"><div class=\"vc_column-inner\"><div class=\"wpb_wrapper\"><div class=\"w-image align_none\"><div class=\"w-image-h\"><img loading=\"lazy\" decoding=\"async\" width=\"1024\" height=\"186\" src=\"https:\/\/rama-web.com\/wp-content\/uploads\/2024\/11\/Schermata-2024-11-15-alle-14.58.32-1024x186.png\" class=\"attachment-large size-large\" alt=\"\" srcset=\"https:\/\/rama-web.com\/wp-content\/uploads\/2024\/11\/Schermata-2024-11-15-alle-14.58.32-1024x186.png 1024w, https:\/\/rama-web.com\/wp-content\/uploads\/2024\/11\/Schermata-2024-11-15-alle-14.58.32-300x55.png 300w, https:\/\/rama-web.com\/wp-content\/uploads\/2024\/11\/Schermata-2024-11-15-alle-14.58.32.png 1198w\" sizes=\"auto, (max-width: 1024px) 100vw, 1024px\" \/><\/div><\/div><div class=\"w-separator size_medium\"><\/div><\/div><\/div><\/div><\/div><\/div><\/section>\n","protected":false},"excerpt":{"rendered":"MAQUINARIA MULTIPACKS Las m\u00e1quinas multipacks son id\u00f3neas para envasar diferentes tipolog\u00edas de embalaje en fajas de cart\u00f3n envueltas alrededor de los productos y cerradas con cola caliente, seg\u00fan una amplia gama de configuraciones. Estas m\u00e1quinas son ideales para envasar frascos, latas, tarros etc. \u00a1Cont\u00e1ctenos para descubrir m\u00e1s! CONT\u00c1CTENOS MULTIPACK M\u00e1quina Velocidad m\u00e1xima RM 70 70...","protected":false},"author":1,"featured_media":1640,"parent":1631,"menu_order":0,"comment_status":"closed","ping_status":"closed","template":"","meta":{"footnotes":""},"class_list":["post-1646","page","type-page","status-publish","has-post-thumbnail","hentry"],"yoast_head":"<!-- This site is optimized with the Yoast SEO plugin v24.0 - https:\/\/yoast.com\/wordpress\/plugins\/seo\/ -->\n<title>Multipacks - Rama srl<\/title>\n<meta name=\"robots\" content=\"index, follow, max-snippet:-1, max-image-preview:large, max-video-preview:-1\" \/>\n<link rel=\"canonical\" href=\"https:\/\/rama-web.com\/es\/maquinaria\/multipacks\/\" \/>\n<meta property=\"og:locale\" content=\"es_ES\" \/>\n<meta property=\"og:type\" content=\"article\" \/>\n<meta property=\"og:title\" content=\"Multipacks - Rama srl\" \/>\n<meta property=\"og:url\" content=\"https:\/\/rama-web.com\/es\/maquinaria\/multipacks\/\" \/>\n<meta property=\"og:site_name\" content=\"Rama srl\" \/>\n<meta property=\"article:modified_time\" content=\"2024-11-15T13:54:58+00:00\" \/>\n<meta property=\"og:image\" content=\"https:\/\/rama-web.com\/wp-content\/uploads\/2024\/07\/multipack-DSC_9980-2-scaled.jpg\" \/>\n\t<meta property=\"og:image:width\" content=\"2560\" \/>\n\t<meta property=\"og:image:height\" content=\"669\" \/>\n\t<meta property=\"og:image:type\" content=\"image\/jpeg\" \/>\n<meta name=\"twitter:card\" content=\"summary_large_image\" \/>\n<meta name=\"twitter:label1\" content=\"Tiempo de lectura\" \/>\n\t<meta name=\"twitter:data1\" content=\"8 minutos\" \/>\n<script type=\"application\/ld+json\" class=\"yoast-schema-graph\">{\"@context\":\"https:\/\/schema.org\",\"@graph\":[{\"@type\":\"WebPage\",\"@id\":\"https:\/\/rama-web.com\/es\/maquinaria\/multipacks\/\",\"url\":\"https:\/\/rama-web.com\/es\/maquinaria\/multipacks\/\",\"name\":\"Multipacks - Rama srl\",\"isPartOf\":{\"@id\":\"https:\/\/rama-web.com\/en\/#website\"},\"primaryImageOfPage\":{\"@id\":\"https:\/\/rama-web.com\/es\/maquinaria\/multipacks\/#primaryimage\"},\"image\":{\"@id\":\"https:\/\/rama-web.com\/es\/maquinaria\/multipacks\/#primaryimage\"},\"thumbnailUrl\":\"https:\/\/rama-web.com\/wp-content\/uploads\/2024\/07\/multipack-DSC_9980-2-scaled.jpg\",\"datePublished\":\"2024-05-29T15:34:25+00:00\",\"dateModified\":\"2024-11-15T13:54:58+00:00\",\"breadcrumb\":{\"@id\":\"https:\/\/rama-web.com\/es\/maquinaria\/multipacks\/#breadcrumb\"},\"inLanguage\":\"es\",\"potentialAction\":[{\"@type\":\"ReadAction\",\"target\":[\"https:\/\/rama-web.com\/es\/maquinaria\/multipacks\/\"]}]},{\"@type\":\"ImageObject\",\"inLanguage\":\"es\",\"@id\":\"https:\/\/rama-web.com\/es\/maquinaria\/multipacks\/#primaryimage\",\"url\":\"https:\/\/rama-web.com\/wp-content\/uploads\/2024\/07\/multipack-DSC_9980-2-scaled.jpg\",\"contentUrl\":\"https:\/\/rama-web.com\/wp-content\/uploads\/2024\/07\/multipack-DSC_9980-2-scaled.jpg\",\"width\":2560,\"height\":669},{\"@type\":\"BreadcrumbList\",\"@id\":\"https:\/\/rama-web.com\/es\/maquinaria\/multipacks\/#breadcrumb\",\"itemListElement\":[{\"@type\":\"ListItem\",\"position\":1,\"name\":\"Home\",\"item\":\"https:\/\/rama-web.com\/es\/\"},{\"@type\":\"ListItem\",\"position\":2,\"name\":\"Maquinaria\",\"item\":\"https:\/\/rama-web.com\/es\/maquinaria\/\"},{\"@type\":\"ListItem\",\"position\":3,\"name\":\"Multipacks\"}]},{\"@type\":\"WebSite\",\"@id\":\"https:\/\/rama-web.com\/en\/#website\",\"url\":\"https:\/\/rama-web.com\/en\/\",\"name\":\"Rama srl\",\"description\":\"\",\"potentialAction\":[{\"@type\":\"SearchAction\",\"target\":{\"@type\":\"EntryPoint\",\"urlTemplate\":\"https:\/\/rama-web.com\/en\/?s={search_term_string}\"},\"query-input\":{\"@type\":\"PropertyValueSpecification\",\"valueRequired\":true,\"valueName\":\"search_term_string\"}}],\"inLanguage\":\"es\"}]}<\/script>\n<!-- \/ Yoast SEO plugin. -->","yoast_head_json":{"title":"Multipacks - Rama srl","robots":{"index":"index","follow":"follow","max-snippet":"max-snippet:-1","max-image-preview":"max-image-preview:large","max-video-preview":"max-video-preview:-1"},"canonical":"https:\/\/rama-web.com\/es\/maquinaria\/multipacks\/","og_locale":"es_ES","og_type":"article","og_title":"Multipacks - Rama srl","og_url":"https:\/\/rama-web.com\/es\/maquinaria\/multipacks\/","og_site_name":"Rama srl","article_modified_time":"2024-11-15T13:54:58+00:00","og_image":[{"width":2560,"height":669,"url":"https:\/\/rama-web.com\/wp-content\/uploads\/2024\/07\/multipack-DSC_9980-2-scaled.jpg","type":"image\/jpeg"}],"twitter_card":"summary_large_image","twitter_misc":{"Tiempo de lectura":"8 minutos"},"schema":{"@context":"https:\/\/schema.org","@graph":[{"@type":"WebPage","@id":"https:\/\/rama-web.com\/es\/maquinaria\/multipacks\/","url":"https:\/\/rama-web.com\/es\/maquinaria\/multipacks\/","name":"Multipacks - Rama srl","isPartOf":{"@id":"https:\/\/rama-web.com\/en\/#website"},"primaryImageOfPage":{"@id":"https:\/\/rama-web.com\/es\/maquinaria\/multipacks\/#primaryimage"},"image":{"@id":"https:\/\/rama-web.com\/es\/maquinaria\/multipacks\/#primaryimage"},"thumbnailUrl":"https:\/\/rama-web.com\/wp-content\/uploads\/2024\/07\/multipack-DSC_9980-2-scaled.jpg","datePublished":"2024-05-29T15:34:25+00:00","dateModified":"2024-11-15T13:54:58+00:00","breadcrumb":{"@id":"https:\/\/rama-web.com\/es\/maquinaria\/multipacks\/#breadcrumb"},"inLanguage":"es","potentialAction":[{"@type":"ReadAction","target":["https:\/\/rama-web.com\/es\/maquinaria\/multipacks\/"]}]},{"@type":"ImageObject","inLanguage":"es","@id":"https:\/\/rama-web.com\/es\/maquinaria\/multipacks\/#primaryimage","url":"https:\/\/rama-web.com\/wp-content\/uploads\/2024\/07\/multipack-DSC_9980-2-scaled.jpg","contentUrl":"https:\/\/rama-web.com\/wp-content\/uploads\/2024\/07\/multipack-DSC_9980-2-scaled.jpg","width":2560,"height":669},{"@type":"BreadcrumbList","@id":"https:\/\/rama-web.com\/es\/maquinaria\/multipacks\/#breadcrumb","itemListElement":[{"@type":"ListItem","position":1,"name":"Home","item":"https:\/\/rama-web.com\/es\/"},{"@type":"ListItem","position":2,"name":"Maquinaria","item":"https:\/\/rama-web.com\/es\/maquinaria\/"},{"@type":"ListItem","position":3,"name":"Multipacks"}]},{"@type":"WebSite","@id":"https:\/\/rama-web.com\/en\/#website","url":"https:\/\/rama-web.com\/en\/","name":"Rama srl","description":"","potentialAction":[{"@type":"SearchAction","target":{"@type":"EntryPoint","urlTemplate":"https:\/\/rama-web.com\/en\/?s={search_term_string}"},"query-input":{"@type":"PropertyValueSpecification","valueRequired":true,"valueName":"search_term_string"}}],"inLanguage":"es"}]}},"_links":{"self":[{"href":"https:\/\/rama-web.com\/es\/wp-json\/wp\/v2\/pages\/1646","targetHints":{"allow":["GET"]}}],"collection":[{"href":"https:\/\/rama-web.com\/es\/wp-json\/wp\/v2\/pages"}],"about":[{"href":"https:\/\/rama-web.com\/es\/wp-json\/wp\/v2\/types\/page"}],"author":[{"embeddable":true,"href":"https:\/\/rama-web.com\/es\/wp-json\/wp\/v2\/users\/1"}],"replies":[{"embeddable":true,"href":"https:\/\/rama-web.com\/es\/wp-json\/wp\/v2\/comments?post=1646"}],"version-history":[{"count":6,"href":"https:\/\/rama-web.com\/es\/wp-json\/wp\/v2\/pages\/1646\/revisions"}],"predecessor-version":[{"id":2447,"href":"https:\/\/rama-web.com\/es\/wp-json\/wp\/v2\/pages\/1646\/revisions\/2447"}],"up":[{"embeddable":true,"href":"https:\/\/rama-web.com\/es\/wp-json\/wp\/v2\/pages\/1631"}],"wp:featuredmedia":[{"embeddable":true,"href":"https:\/\/rama-web.com\/es\/wp-json\/wp\/v2\/media\/1640"}],"wp:attachment":[{"href":"https:\/\/rama-web.com\/es\/wp-json\/wp\/v2\/media?parent=1646"}],"curies":[{"name":"wp","href":"https:\/\/api.w.org\/{rel}","templated":true}]}}