{"id":1631,"date":"2024-07-08T17:02:31","date_gmt":"2024-07-08T15:02:31","guid":{"rendered":"http:\/\/staging.rama-web.com\/maquinaria\/"},"modified":"2024-10-22T17:17:10","modified_gmt":"2024-10-22T15:17:10","slug":"maquinaria","status":"publish","type":"page","link":"https:\/\/rama-web.com\/es\/maquinaria\/","title":{"rendered":"Maquinaria"},"content":{"rendered":"<section class=\"l-section wpb_row us_custom_6df4bc3a has_text_color height_huge with_img\"><div class=\"l-section-img\" role=\"img\" data-img-width=\"722\" data-img-height=\"281\" style=\"background-image: url(https:\/\/rama-web.com\/wp-content\/uploads\/2024\/07\/apricartoni-Immagine1.jpg);\"><\/div><div class=\"l-section-overlay\" style=\"background:rgba(0,0,0,0.24)\"><\/div><div class=\"l-section-h i-cf\"><div class=\"g-cols vc_row via_flex valign_top type_default stacking_default\"><div class=\"vc_col-sm-12 wpb_column vc_column_container\"><div class=\"vc_column-inner\"><div class=\"wpb_wrapper\"><div class=\"wpb_text_column\"><div class=\"wpb_wrapper\"><h1 style=\"text-align: center;\"><strong>MAQUINARIA<\/strong><\/h1>\n<\/div><\/div><\/div><\/div><\/div><\/div><\/div><\/section><section class=\"l-section wpb_row height_medium\"><div class=\"l-section-h i-cf\"><div class=\"g-cols vc_row via_flex valign_top type_default stacking_default\"><div class=\"vc_col-sm-12 wpb_column vc_column_container\"><div class=\"vc_column-inner\"><div class=\"wpb_wrapper\"><div class=\"w-grid type_grid layout_1119 cols_3 ratio_1x1\" id=\"us_grid_1\" style=\"--gap:1.5rem;\"><style>@media (max-width:1024px){#us_grid_1 .w-grid-item{width:50%}#us_grid_1 .w-grid-item.size_2x1,#us_grid_1 .w-grid-item.size_2x2{width:100%}}@media (max-width:600px){#us_grid_1 .w-grid-list{margin:0}#us_grid_1 .w-grid-item{width:100%;padding:0;margin-bottom:var(--gap,0px)}}.layout_1119 .w-grid-item-h:before{padding-bottom:100%}@media (min-width:601px){.layout_1119 .w-grid-item.size_1x2 .w-grid-item-h:before{padding-bottom:calc(200% + var(--gap,0px) * 2)}.layout_1119 .w-grid-item.size_2x1 .w-grid-item-h:before{padding-bottom:calc(50% - var(--gap,0px) * 1)}.layout_1119 .w-grid-item.size_2x2 .w-grid-item-h:before{padding-bottom:calc(100% - var(--gap,0px) * 0)}}.layout_1119 .w-grid-item-h{background:#333}.layout_1119 .usg_post_image_1{transition-duration:0.35s;transform-origin:50% 50%;transform:scale(1) translate(0%,0%)}.layout_1119 .w-grid-item-h:hover .usg_post_image_1{transform:scale(1.1) translate(0%,0%);opacity:0.1}.layout_1119 .usg_post_image_1{position:absolute!important;left:0!important;top:0!important;bottom:0!important;right:0!important}.layout_1119 .usg_vwrapper_1{position:absolute!important;right:0!important;bottom:0!important;left:0!important;background:linear-gradient(transparent,rgba(30,30,30,0.8))!important;padding:4rem 2rem 1.5rem 2rem!important}.layout_1119 .usg_post_title_1{color:#fff!important;font-size:1.2rem!important}@media (min-width:1025px) and (max-width:1380px){.layout_1119 .usg_post_image_1{position:absolute!important;left:0!important;top:0!important;bottom:0!important;right:0!important}.layout_1119 .usg_vwrapper_1{position:absolute!important;right:0!important;bottom:0!important;left:0!important;background:linear-gradient(transparent,rgba(30,30,30,0.8))!important;padding:4rem 2rem 1.5rem 2rem!important}.layout_1119 .usg_post_title_1{color:#fff!important;font-size:1.2rem!important}}@media (min-width:601px) and (max-width:1024px){.layout_1119 .usg_post_image_1{position:absolute!important;left:0!important;top:0!important;bottom:0!important;right:0!important}.layout_1119 .usg_vwrapper_1{position:absolute!important;right:0!important;bottom:0!important;left:0!important;background:linear-gradient(transparent,rgba(30,30,30,0.8))!important;padding:4rem 2rem 1.5rem 2rem!important}.layout_1119 .usg_post_title_1{color:#fff!important;font-size:1.2rem!important}}@media (max-width:600px){.layout_1119 .usg_post_image_1{position:absolute!important;left:0!important;top:0!important;bottom:0!important;right:0!important}.layout_1119 .usg_vwrapper_1{position:absolute!important;right:0!important;bottom:0!important;left:0!important;background:linear-gradient(transparent,rgba(30,30,30,0.8))!important;padding:4rem 2rem 1.5rem 2rem!important}.layout_1119 .usg_post_title_1{color:#fff!important;font-size:1.2rem!important}}<\/style><div class=\"w-grid-list\">\t<article class=\"w-grid-item size_1x1 post-1624 page type-page status-publish has-post-thumbnail hentry\" data-id=\"1624\">\r\n\t\t<div class=\"w-grid-item-h\">\r\n\t\t\t\t\t\t<div class=\"w-post-elm post_image usg_post_image_1 stretched\"><a href=\"https:\/\/rama-web.com\/es\/maquinaria\/cierracartones\/\" aria-label=\"Cierracartones\"><img loading=\"lazy\" decoding=\"async\" width=\"1024\" height=\"384\" src=\"https:\/\/rama-web.com\/wp-content\/uploads\/2024\/05\/32991-1024x384.jpg\" class=\"attachment-large size-large wp-post-image\" alt=\"\" srcset=\"https:\/\/rama-web.com\/wp-content\/uploads\/2024\/05\/32991-1024x384.jpg 1024w, https:\/\/rama-web.com\/wp-content\/uploads\/2024\/05\/32991-300x113.jpg 300w, https:\/\/rama-web.com\/wp-content\/uploads\/2024\/05\/32991.jpg 2000w\" sizes=\"auto, (max-width: 1024px) 100vw, 1024px\" \/><\/a><\/div><div class=\"w-vwrapper usg_vwrapper_1 align_none valign_top\"><h2 class=\"w-post-elm post_title usg_post_title_1 has_text_color entry-title color_link_inherit\">Cierracartones<\/h2><\/div>\t\t<\/div>\r\n\t<\/article>\r\n\t<article class=\"w-grid-item size_1x1 post-1698 page type-page status-publish has-post-thumbnail hentry\" data-id=\"1698\">\r\n\t\t<div class=\"w-grid-item-h\">\r\n\t\t\t\t\t\t<div class=\"w-post-elm post_image usg_post_image_1 stretched\"><a href=\"https:\/\/rama-web.com\/es\/maquinaria\/abrecartones\/\" aria-label=\"Abrecartones\"><img loading=\"lazy\" decoding=\"async\" width=\"722\" height=\"281\" src=\"https:\/\/rama-web.com\/wp-content\/uploads\/2024\/07\/apricartoni-Immagine1.jpg\" class=\"attachment-large size-large wp-post-image\" alt=\"\" srcset=\"https:\/\/rama-web.com\/wp-content\/uploads\/2024\/07\/apricartoni-Immagine1.jpg 722w, https:\/\/rama-web.com\/wp-content\/uploads\/2024\/07\/apricartoni-Immagine1-300x117.jpg 300w\" sizes=\"auto, (max-width: 722px) 100vw, 722px\" \/><\/a><\/div><div class=\"w-vwrapper usg_vwrapper_1 align_none valign_top\"><h2 class=\"w-post-elm post_title usg_post_title_1 has_text_color entry-title color_link_inherit\">Abrecartones<\/h2><\/div>\t\t<\/div>\r\n\t<\/article>\r\n\t<article class=\"w-grid-item size_1x1 post-1657 page type-page status-publish has-post-thumbnail hentry\" data-id=\"1657\">\r\n\t\t<div class=\"w-grid-item-h\">\r\n\t\t\t\t\t\t<div class=\"w-post-elm post_image usg_post_image_1 stretched\"><a href=\"https:\/\/rama-web.com\/es\/maquinaria\/manipuladores\/\" aria-label=\"Manipuladores\"><img loading=\"lazy\" decoding=\"async\" width=\"907\" height=\"295\" src=\"https:\/\/rama-web.com\/wp-content\/uploads\/2024\/07\/manipolatori-Immagine-3.jpg\" class=\"attachment-large size-large wp-post-image\" alt=\"\" srcset=\"https:\/\/rama-web.com\/wp-content\/uploads\/2024\/07\/manipolatori-Immagine-3.jpg 907w, https:\/\/rama-web.com\/wp-content\/uploads\/2024\/07\/manipolatori-Immagine-3-300x98.jpg 300w\" sizes=\"auto, (max-width: 907px) 100vw, 907px\" \/><\/a><\/div><div class=\"w-vwrapper usg_vwrapper_1 align_none valign_top\"><h2 class=\"w-post-elm post_title usg_post_title_1 has_text_color entry-title color_link_inherit\">Manipuladores<\/h2><\/div>\t\t<\/div>\r\n\t<\/article>\r\n\t<article class=\"w-grid-item size_1x1 post-1646 page type-page status-publish has-post-thumbnail hentry\" data-id=\"1646\">\r\n\t\t<div class=\"w-grid-item-h\">\r\n\t\t\t\t\t\t<div class=\"w-post-elm post_image usg_post_image_1 stretched\"><a href=\"https:\/\/rama-web.com\/es\/maquinaria\/multipacks\/\" aria-label=\"Multipacks\"><img loading=\"lazy\" decoding=\"async\" width=\"1024\" height=\"268\" src=\"https:\/\/rama-web.com\/wp-content\/uploads\/2024\/07\/multipack-DSC_9980-2-1024x268.jpg\" class=\"attachment-large size-large wp-post-image\" alt=\"\" srcset=\"https:\/\/rama-web.com\/wp-content\/uploads\/2024\/07\/multipack-DSC_9980-2-1024x268.jpg 1024w, https:\/\/rama-web.com\/wp-content\/uploads\/2024\/07\/multipack-DSC_9980-2-300x78.jpg 300w\" sizes=\"auto, (max-width: 1024px) 100vw, 1024px\" \/><\/a><\/div><div class=\"w-vwrapper usg_vwrapper_1 align_none valign_top\"><h2 class=\"w-post-elm post_title usg_post_title_1 has_text_color entry-title color_link_inherit\">Multipacks<\/h2><\/div>\t\t<\/div>\r\n\t<\/article>\r\n\t<article class=\"w-grid-item size_1x1 post-1604 page type-page status-publish has-post-thumbnail hentry\" data-id=\"1604\">\r\n\t\t<div class=\"w-grid-item-h\">\r\n\t\t\t\t\t\t<div class=\"w-post-elm post_image usg_post_image_1 stretched\"><a href=\"https:\/\/rama-web.com\/es\/maquinaria\/estuchadoras\/\" aria-label=\"Estuchadoras\"><img loading=\"lazy\" decoding=\"async\" width=\"1024\" height=\"265\" src=\"https:\/\/rama-web.com\/wp-content\/uploads\/2024\/07\/astucciatrice-RM-A1C-1024x265.jpg\" class=\"attachment-large size-large wp-post-image\" alt=\"\" srcset=\"https:\/\/rama-web.com\/wp-content\/uploads\/2024\/07\/astucciatrice-RM-A1C-1024x265.jpg 1024w, https:\/\/rama-web.com\/wp-content\/uploads\/2024\/07\/astucciatrice-RM-A1C-300x78.jpg 300w, https:\/\/rama-web.com\/wp-content\/uploads\/2024\/07\/astucciatrice-RM-A1C.jpg 1621w\" sizes=\"auto, (max-width: 1024px) 100vw, 1024px\" \/><\/a><\/div><div class=\"w-vwrapper usg_vwrapper_1 align_none valign_top\"><h2 class=\"w-post-elm post_title usg_post_title_1 has_text_color entry-title color_link_inherit\">Estuchadoras<\/h2><\/div>\t\t<\/div>\r\n\t<\/article>\r\n\t<article class=\"w-grid-item size_1x1 post-1715 page type-page status-publish has-post-thumbnail hentry\" data-id=\"1715\">\r\n\t\t<div class=\"w-grid-item-h\">\r\n\t\t\t\t\t\t<div class=\"w-post-elm post_image usg_post_image_1 stretched\"><a href=\"https:\/\/rama-web.com\/es\/maquinaria\/cerradoras\/\" aria-label=\"Cerradoras\"><img loading=\"lazy\" decoding=\"async\" width=\"1024\" height=\"270\" src=\"https:\/\/rama-web.com\/wp-content\/uploads\/2024\/07\/chiuditrice-DSC_0030-CL3-1024x270.jpg\" class=\"attachment-large size-large wp-post-image\" alt=\"\" srcset=\"https:\/\/rama-web.com\/wp-content\/uploads\/2024\/07\/chiuditrice-DSC_0030-CL3-1024x270.jpg 1024w, https:\/\/rama-web.com\/wp-content\/uploads\/2024\/07\/chiuditrice-DSC_0030-CL3-300x79.jpg 300w\" sizes=\"auto, (max-width: 1024px) 100vw, 1024px\" \/><\/a><\/div><div class=\"w-vwrapper usg_vwrapper_1 align_none valign_top\"><h2 class=\"w-post-elm post_title usg_post_title_1 has_text_color entry-title color_link_inherit\">Cerradoras<\/h2><\/div>\t\t<\/div>\r\n\t<\/article>\r\n\t<article class=\"w-grid-item size_1x1 post-1618 page type-page status-publish has-post-thumbnail hentry\" data-id=\"1618\">\r\n\t\t<div class=\"w-grid-item-h\">\r\n\t\t\t\t\t\t<div class=\"w-post-elm post_image usg_post_image_1 stretched\"><a href=\"https:\/\/rama-web.com\/es\/maquinaria\/formadoras\/\" aria-label=\"Formadoras\"><img loading=\"lazy\" decoding=\"async\" width=\"1024\" height=\"359\" src=\"https:\/\/rama-web.com\/wp-content\/uploads\/2024\/07\/formatrice-RM-F31-1024x359.jpg\" class=\"attachment-large size-large wp-post-image\" alt=\"\" srcset=\"https:\/\/rama-web.com\/wp-content\/uploads\/2024\/07\/formatrice-RM-F31-1024x359.jpg 1024w, https:\/\/rama-web.com\/wp-content\/uploads\/2024\/07\/formatrice-RM-F31-300x105.jpg 300w, https:\/\/rama-web.com\/wp-content\/uploads\/2024\/07\/formatrice-RM-F31.jpg 1247w\" sizes=\"auto, (max-width: 1024px) 100vw, 1024px\" \/><\/a><\/div><div class=\"w-vwrapper usg_vwrapper_1 align_none valign_top\"><h2 class=\"w-post-elm post_title usg_post_title_1 has_text_color entry-title color_link_inherit\">Formadoras<\/h2><\/div>\t\t<\/div>\r\n\t<\/article>\r\n\t<article class=\"w-grid-item size_1x1 post-1672 page type-page status-publish has-post-thumbnail hentry\" data-id=\"1672\">\r\n\t\t<div class=\"w-grid-item-h\">\r\n\t\t\t\t\t\t<div class=\"w-post-elm post_image usg_post_image_1 stretched\"><a href=\"https:\/\/rama-web.com\/es\/maquinaria\/wrap-around\/\" aria-label=\"Wrap &#8211; Around\"><img loading=\"lazy\" decoding=\"async\" width=\"873\" height=\"289\" src=\"https:\/\/rama-web.com\/wp-content\/uploads\/2024\/07\/wrap-around-Immagine-5.jpg\" class=\"attachment-large size-large wp-post-image\" alt=\"\" srcset=\"https:\/\/rama-web.com\/wp-content\/uploads\/2024\/07\/wrap-around-Immagine-5.jpg 873w, https:\/\/rama-web.com\/wp-content\/uploads\/2024\/07\/wrap-around-Immagine-5-300x99.jpg 300w\" sizes=\"auto, (max-width: 873px) 100vw, 873px\" \/><\/a><\/div><div class=\"w-vwrapper usg_vwrapper_1 align_none valign_top\"><h2 class=\"w-post-elm post_title usg_post_title_1 has_text_color entry-title color_link_inherit\">Wrap &#8211; Around<\/h2><\/div>\t\t<\/div>\r\n\t<\/article>\r\n\t<article class=\"w-grid-item size_1x1 post-1688 page type-page status-publish has-post-thumbnail hentry\" data-id=\"1688\">\r\n\t\t<div class=\"w-grid-item-h\">\r\n\t\t\t\t\t\t<div class=\"w-post-elm post_image usg_post_image_1 stretched\"><a href=\"https:\/\/rama-web.com\/es\/maquinaria\/encartonadoras\/\" aria-label=\"Encartonadoras\"><img loading=\"lazy\" decoding=\"async\" width=\"1024\" height=\"370\" src=\"https:\/\/rama-web.com\/wp-content\/uploads\/2024\/07\/incartonatrice-RM-I-C_-1024x370.jpg\" class=\"attachment-large size-large wp-post-image\" alt=\"\" srcset=\"https:\/\/rama-web.com\/wp-content\/uploads\/2024\/07\/incartonatrice-RM-I-C_-1024x370.jpg 1024w, https:\/\/rama-web.com\/wp-content\/uploads\/2024\/07\/incartonatrice-RM-I-C_-300x108.jpg 300w\" sizes=\"auto, (max-width: 1024px) 100vw, 1024px\" \/><\/a><\/div><div class=\"w-vwrapper usg_vwrapper_1 align_none valign_top\"><h2 class=\"w-post-elm post_title usg_post_title_1 has_text_color entry-title color_link_inherit\">Encartonadoras<\/h2><\/div>\t\t<\/div>\r\n\t<\/article>\r\n<\/div><div class=\"w-grid-preloader\">\t<div class=\"g-preloader type_1\">\r\n\t\t<div><\/div>\r\n\t<\/div>\r\n\t<\/div>\t<div class=\"w-grid-json hidden\" onclick='return {&quot;action&quot;:&quot;us_ajax_grid&quot;,&quot;ajax_url&quot;:&quot;https:\\\/\\\/rama-web.com\\\/wp-admin\\\/admin-ajax.php&quot;,&quot;infinite_scroll&quot;:0,&quot;max_num_pages&quot;:1,&quot;pagination&quot;:&quot;none&quot;,&quot;template_vars&quot;:{&quot;columns&quot;:&quot;3&quot;,&quot;exclude_items&quot;:&quot;none&quot;,&quot;img_size&quot;:&quot;default&quot;,&quot;ignore_items_size&quot;:0,&quot;items_layout&quot;:&quot;1119&quot;,&quot;items_offset&quot;:&quot;1&quot;,&quot;load_animation&quot;:&quot;none&quot;,&quot;overriding_link&quot;:&quot;%7B%22url%22%3A%22%22%7D&quot;,&quot;post_id&quot;:0,&quot;query_args&quot;:{&quot;ignore_sticky_posts&quot;:1,&quot;post_type&quot;:&quot;any&quot;,&quot;post__in&quot;:[&quot;290&quot;,&quot;528&quot;,&quot;530&quot;,&quot;284&quot;,&quot;277&quot;,&quot;238&quot;,&quot;298&quot;,&quot;297&quot;,&quot;270&quot;],&quot;posts_per_page&quot;:&quot;10&quot;},&quot;orderby_query_args&quot;:{&quot;orderby&quot;:{&quot;date&quot;:&quot;DESC&quot;}},&quot;type&quot;:&quot;grid&quot;,&quot;us_grid_ajax_index&quot;:1,&quot;us_grid_filter_params&quot;:[],&quot;us_grid_index&quot;:1,&quot;_us_grid_post_type&quot;:&quot;ids&quot;,&quot;page_args&quot;:[],&quot;lang&quot;:&quot;es&quot;}}'><\/div>\r\n\t<\/div><\/div><\/div><\/div><\/div><\/div><\/section>\n","protected":false},"excerpt":{"rendered":"MAQUINARIA ENCARTONADORAS Las m\u00e1quinas encartonadoras son id\u00f3neas a formar cajas americanas, a partir de troqueles extendidos, luego insertando los productos seg\u00fan la configuraci\u00f3n requerida y cerr\u00e1ndolas con cola caliente o cinta adhesiva. Esta tipolog\u00eda de envase es ideal para la mayor\u00eda de los productos alimentares. \u00a1Cont\u00e1ctenos para descubrir m\u00e1s! CONT\u00c1CTENOSENCARTONADORAS M\u00e1quina Velocidad m\u00e1xima Tama\u00f1o m\u00ednimo...","protected":false},"author":1,"featured_media":0,"parent":0,"menu_order":0,"comment_status":"closed","ping_status":"open","template":"","meta":{"footnotes":""},"class_list":["post-1631","page","type-page","status-publish","hentry"],"yoast_head":"<!-- This site is optimized with the Yoast SEO plugin v24.0 - https:\/\/yoast.com\/wordpress\/plugins\/seo\/ -->\n<title>Maquinaria - Rama srl<\/title>\n<meta name=\"robots\" content=\"index, follow, max-snippet:-1, max-image-preview:large, max-video-preview:-1\" \/>\n<link rel=\"canonical\" href=\"https:\/\/rama-web.com\/es\/maquinaria\/\" \/>\n<meta property=\"og:locale\" content=\"es_ES\" \/>\n<meta property=\"og:type\" content=\"article\" \/>\n<meta property=\"og:title\" content=\"Maquinaria - Rama srl\" \/>\n<meta property=\"og:url\" content=\"https:\/\/rama-web.com\/es\/maquinaria\/\" \/>\n<meta property=\"og:site_name\" content=\"Rama srl\" \/>\n<meta property=\"article:modified_time\" content=\"2024-10-22T15:17:10+00:00\" \/>\n<meta name=\"twitter:card\" content=\"summary_large_image\" \/>\n<script type=\"application\/ld+json\" class=\"yoast-schema-graph\">{\"@context\":\"https:\/\/schema.org\",\"@graph\":[{\"@type\":\"WebPage\",\"@id\":\"https:\/\/rama-web.com\/es\/maquinaria\/\",\"url\":\"https:\/\/rama-web.com\/es\/maquinaria\/\",\"name\":\"Maquinaria - Rama srl\",\"isPartOf\":{\"@id\":\"https:\/\/rama-web.com\/en\/#website\"},\"datePublished\":\"2024-07-08T15:02:31+00:00\",\"dateModified\":\"2024-10-22T15:17:10+00:00\",\"breadcrumb\":{\"@id\":\"https:\/\/rama-web.com\/es\/maquinaria\/#breadcrumb\"},\"inLanguage\":\"es\",\"potentialAction\":[{\"@type\":\"ReadAction\",\"target\":[\"https:\/\/rama-web.com\/es\/maquinaria\/\"]}]},{\"@type\":\"BreadcrumbList\",\"@id\":\"https:\/\/rama-web.com\/es\/maquinaria\/#breadcrumb\",\"itemListElement\":[{\"@type\":\"ListItem\",\"position\":1,\"name\":\"Home\",\"item\":\"https:\/\/rama-web.com\/es\/\"},{\"@type\":\"ListItem\",\"position\":2,\"name\":\"Maquinaria\"}]},{\"@type\":\"WebSite\",\"@id\":\"https:\/\/rama-web.com\/en\/#website\",\"url\":\"https:\/\/rama-web.com\/en\/\",\"name\":\"Rama srl\",\"description\":\"\",\"potentialAction\":[{\"@type\":\"SearchAction\",\"target\":{\"@type\":\"EntryPoint\",\"urlTemplate\":\"https:\/\/rama-web.com\/en\/?s={search_term_string}\"},\"query-input\":{\"@type\":\"PropertyValueSpecification\",\"valueRequired\":true,\"valueName\":\"search_term_string\"}}],\"inLanguage\":\"es\"}]}<\/script>\n<!-- \/ Yoast SEO plugin. -->","yoast_head_json":{"title":"Maquinaria - Rama srl","robots":{"index":"index","follow":"follow","max-snippet":"max-snippet:-1","max-image-preview":"max-image-preview:large","max-video-preview":"max-video-preview:-1"},"canonical":"https:\/\/rama-web.com\/es\/maquinaria\/","og_locale":"es_ES","og_type":"article","og_title":"Maquinaria - Rama srl","og_url":"https:\/\/rama-web.com\/es\/maquinaria\/","og_site_name":"Rama srl","article_modified_time":"2024-10-22T15:17:10+00:00","twitter_card":"summary_large_image","schema":{"@context":"https:\/\/schema.org","@graph":[{"@type":"WebPage","@id":"https:\/\/rama-web.com\/es\/maquinaria\/","url":"https:\/\/rama-web.com\/es\/maquinaria\/","name":"Maquinaria - Rama srl","isPartOf":{"@id":"https:\/\/rama-web.com\/en\/#website"},"datePublished":"2024-07-08T15:02:31+00:00","dateModified":"2024-10-22T15:17:10+00:00","breadcrumb":{"@id":"https:\/\/rama-web.com\/es\/maquinaria\/#breadcrumb"},"inLanguage":"es","potentialAction":[{"@type":"ReadAction","target":["https:\/\/rama-web.com\/es\/maquinaria\/"]}]},{"@type":"BreadcrumbList","@id":"https:\/\/rama-web.com\/es\/maquinaria\/#breadcrumb","itemListElement":[{"@type":"ListItem","position":1,"name":"Home","item":"https:\/\/rama-web.com\/es\/"},{"@type":"ListItem","position":2,"name":"Maquinaria"}]},{"@type":"WebSite","@id":"https:\/\/rama-web.com\/en\/#website","url":"https:\/\/rama-web.com\/en\/","name":"Rama srl","description":"","potentialAction":[{"@type":"SearchAction","target":{"@type":"EntryPoint","urlTemplate":"https:\/\/rama-web.com\/en\/?s={search_term_string}"},"query-input":{"@type":"PropertyValueSpecification","valueRequired":true,"valueName":"search_term_string"}}],"inLanguage":"es"}]}},"_links":{"self":[{"href":"https:\/\/rama-web.com\/es\/wp-json\/wp\/v2\/pages\/1631","targetHints":{"allow":["GET"]}}],"collection":[{"href":"https:\/\/rama-web.com\/es\/wp-json\/wp\/v2\/pages"}],"about":[{"href":"https:\/\/rama-web.com\/es\/wp-json\/wp\/v2\/types\/page"}],"author":[{"embeddable":true,"href":"https:\/\/rama-web.com\/es\/wp-json\/wp\/v2\/users\/1"}],"replies":[{"embeddable":true,"href":"https:\/\/rama-web.com\/es\/wp-json\/wp\/v2\/comments?post=1631"}],"version-history":[{"count":2,"href":"https:\/\/rama-web.com\/es\/wp-json\/wp\/v2\/pages\/1631\/revisions"}],"predecessor-version":[{"id":1633,"href":"https:\/\/rama-web.com\/es\/wp-json\/wp\/v2\/pages\/1631\/revisions\/1633"}],"wp:attachment":[{"href":"https:\/\/rama-web.com\/es\/wp-json\/wp\/v2\/media?parent=1631"}],"curies":[{"name":"wp","href":"https:\/\/api.w.org\/{rel}","templated":true}]}}