{"id":1581,"date":"2024-05-27T18:33:53","date_gmt":"2024-05-27T16:33:53","guid":{"rendered":"http:\/\/staging.rama-web.com\/quienes-somos\/"},"modified":"2024-10-23T19:23:06","modified_gmt":"2024-10-23T17:23:06","slug":"quienes-somos","status":"publish","type":"page","link":"https:\/\/rama-web.com\/es\/quienes-somos\/","title":{"rendered":"Quienes Somos"},"content":{"rendered":"<section class=\"l-section wpb_row us_custom_6df4bc3a has_text_color height_huge with_img\"><div class=\"l-section-img\" role=\"img\" data-img-width=\"1340\" data-img-height=\"478\" style=\"background-image: url(https:\/\/rama-web.com\/wp-content\/uploads\/2024\/05\/home21.jpg);\"><\/div><div class=\"l-section-overlay\" style=\"background:rgba(0,0,0,0.24)\"><\/div><div class=\"l-section-h i-cf\"><div class=\"g-cols vc_row via_flex valign_top type_default stacking_default\"><div class=\"vc_col-sm-12 wpb_column vc_column_container\"><div class=\"vc_column-inner\"><div class=\"wpb_wrapper\"><div class=\"wpb_text_column\"><div class=\"wpb_wrapper\"><h1 style=\"text-align: center;\">QUIENES SOMOS<\/h1>\n<\/div><\/div><\/div><\/div><\/div><\/div><\/div><\/section><section class=\"l-section wpb_row us_custom_0d15be52 height_medium\"><div class=\"l-section-h i-cf\"><div class=\"g-cols vc_row via_flex valign_top type_default stacking_default\"><div class=\"vc_col-sm-12 wpb_column vc_column_container\"><div class=\"vc_column-inner\"><div class=\"wpb_wrapper\"><div class=\"g-cols wpb_row via_flex valign_top type_default stacking_default\"><div class=\"vc_col-sm-12 wpb_column vc_column_container\"><div class=\"vc_column-inner\"><div class=\"wpb_wrapper\"><div class=\"wpb_text_column\"><div class=\"wpb_wrapper\"><h2 style=\"text-align: center;\">Rama s.r.l.<br \/>\nPackaging &amp; Automation<\/h2>\n<\/div><\/div><div class=\"w-separator size_small with_line width_30 thick_1 style_solid color_primary align_center\"><div class=\"w-separator-h\"><\/div><\/div><div class=\"wpb_text_column\"><div class=\"wpb_wrapper\"><p style=\"text-align: center;\">\u00bfBuscando soluciones de vanguardia?<\/p>\n<p style=\"text-align: center;\"><strong>RAMA<\/strong> es l\u00edder en planificaci\u00f3n y realizaci\u00f3n de <strong>maquinarias y plantas para el envase<\/strong>, garantizando <strong>resultados excelentes y competitivos<\/strong>.<\/p>\n<\/div><\/div><\/div><\/div><\/div><\/div><div class=\"w-separator size_medium\"><\/div><div class=\"g-cols wpb_row via_flex valign_top type_default stacking_default\" style=\"--additional-gap:10px;\"><div class=\"vc_col-sm-6 wpb_column vc_column_container has_bg_color\"><div class=\"vc_column-inner us_custom_19e33bbc\"><div class=\"wpb_wrapper\"><div class=\"w-iconbox iconpos_top style_default color_primary align_center\"><div class=\"w-iconbox-icon\" style=\"font-size:4rem;\"><i class=\"fas fa-search-plus\"><\/i><\/div><div class=\"w-iconbox-meta\"><h3 class=\"w-iconbox-title\">Tecnolog\u00eda e innovaci\u00f3n para cada exigencia<\/h3><div class=\"w-iconbox-text\"><p><strong>Tecnolog\u00eda a la vanguardia<\/strong>: usamos las tecnolog\u00edas m\u00e1s recientes para crear soluciones de envase personalizadas que satisfacen los m\u00e1s elevados est\u00e1ndares de calidad.<\/p>\n<p><strong>Investigaci\u00f3n y desarrollo continuos<\/strong>: nuestro equipo de ingenieros expertos est\u00e1 constantemente a la b\u00fasqueda de nuevas soluciones para optimizar el proceso productivo.<\/p>\n<\/div><\/div><\/div><\/div><\/div><\/div><div class=\"vc_col-sm-6 wpb_column vc_column_container has_bg_color\"><div class=\"vc_column-inner us_custom_19e33bbc\"><div class=\"wpb_wrapper\"><div class=\"w-iconbox iconpos_top style_default color_primary align_center\"><div class=\"w-iconbox-icon\" style=\"font-size:4rem;\"><i class=\"fas fa-users\"><\/i><\/div><div class=\"w-iconbox-meta\"><h3 class=\"w-iconbox-title\">Un equipo de expertos dedicado a vuestro \u00e9xito<\/h3><div class=\"w-iconbox-text\"><p><strong>Competencia y profesionalidad<\/strong>: nuestra fortaleza es nuestro equipo altamente calificado, con profundo conocimiento del sector de envases.<\/p>\n<p><strong>Soluciones personalizadas:<\/strong> trabajamos lado a lado con nuestros clientes para mejor comprender las exigencias espec\u00edficas y desarrollar soluciones personalizadas que se adaptan perfectamente a cada flujo de trabajo.<\/p>\n<\/div><\/div><\/div><\/div><\/div><\/div><\/div><div class=\"w-separator size_small\"><\/div><div class=\"g-cols wpb_row via_flex valign_top type_default stacking_default\" style=\"--additional-gap:10px;\"><div class=\"vc_col-sm-6 wpb_column vc_column_container has_bg_color\"><div class=\"vc_column-inner us_custom_19e33bbc\"><div class=\"wpb_wrapper\"><div class=\"w-iconbox iconpos_top style_default color_primary align_center\"><div class=\"w-iconbox-icon\" style=\"font-size:4rem;\"><i class=\"fas fa-rocket\"><\/i><\/div><div class=\"w-iconbox-meta\"><h3 class=\"w-iconbox-title\">Una gama de productos diversificada<\/h3><div class=\"w-iconbox-text\"><p><strong>L\u00edneas completas \u201cllave en mano\u201d<\/strong>: ofrecemos l\u00edneas completas de envase que incluyen todo lo necesario para automatizar y optimizar el proceso productivo.<\/p>\n<p><strong>Soluciones diversificadas<\/strong>: nuestra l\u00ednea productiva incluye una amplia gama de m\u00e1quinas, de las formadoras a las cerradoras, de las estuchadoras horizontales a las formadoras de cajas americanas, para cumplir con las exigencias de producto en los m\u00e1s disparados sectores.<\/p>\n<\/div><\/div><\/div><\/div><\/div><\/div><div class=\"vc_col-sm-6 wpb_column vc_column_container has_bg_color\"><div class=\"vc_column-inner us_custom_19e33bbc\"><div class=\"wpb_wrapper\"><div class=\"w-iconbox iconpos_top style_default color_primary align_center\"><div class=\"w-iconbox-icon\" style=\"font-size:4em;\"><i class=\"fas fa-chart-line\"><\/i><\/div><div class=\"w-iconbox-meta\"><h3 class=\"w-iconbox-title\">El cliente siempre en el centro<\/h3><div class=\"w-iconbox-text\"><p><strong>Misi\u00f3n<\/strong>: proveer soluciones de envase de alta calidad para una amplia gama de productos, usando las tecnolog\u00edas mas avanzadas y la b\u00fasqueda continua para cumplir con cada exigencia.<\/p>\n<p><strong>Filosof\u00eda:<\/strong> crear relaciones duraderas y satisfactorias con nuestros clientes bas\u00e1ndonos en eficiencia, flexibilidad y fiabilidad.<\/p>\n<\/div><\/div><\/div><\/div><\/div><\/div><\/div>[vc_raw_html]JTVCaXNpbWJfNjMxMF9idWlsZGVyJTIwaWQlM0QlMjIzJTIyJTVE[\/vc_raw_html]<\/div><\/div><\/div><\/div><\/div><\/section><section class=\"l-section wpb_row height_medium width_full\"><div class=\"l-section-h i-cf\"><div class=\"g-cols vc_row via_flex valign_top type_default stacking_default\"><div class=\"vc_col-sm-12 wpb_column vc_column_container\"><div class=\"vc_column-inner\"><div class=\"wpb_wrapper\"><div class=\"wpb_text_column\"><div class=\"wpb_wrapper\"><h2 style=\"text-align: center;\">Como Trabajamos<\/h2>\n<\/div><\/div><div class=\"w-separator size_medium\"><\/div><div class=\"w-tabs layout_hor style_radio3 switch_click has_scrolling\" style=\"--sections-title-size:1.3rem\"><div class=\"w-tabs-list items_6 align_center\"><div class=\"w-tabs-list-h\"><button class=\"w-tabs-item active with_icon\" aria-controls=\"content-cff7\" aria-expanded=\"false\"><i class=\"fas fa-lightbulb-on\"><\/i><span class=\"w-tabs-item-title\">Realizaci\u00f2n<\/span><\/button><button class=\"w-tabs-item with_icon\" aria-controls=\"content-y43d\" aria-expanded=\"false\"><i class=\"fas fa-user-hard-hat\"><\/i><span class=\"w-tabs-item-title\">Instalaci\u00f2n<\/span><\/button><button class=\"w-tabs-item with_icon\" aria-controls=\"content-r872\" aria-expanded=\"false\"><i class=\"fas fa-desktop\"><\/i><span class=\"w-tabs-item-title\">Proyecto<\/span><\/button><button class=\"w-tabs-item with_icon\" aria-controls=\"content-gcc5\" aria-expanded=\"false\"><i class=\"fas fa-search-plus\"><\/i><span class=\"w-tabs-item-title\">Formaci\u00f2n<\/span><\/button><button class=\"w-tabs-item with_icon\" aria-controls=\"content-f1a2\" aria-expanded=\"false\"><i class=\"fas fa-hands-helping\"><\/i><span class=\"w-tabs-item-title\">Asistencia<\/span><\/button><button class=\"w-tabs-item with_icon\" aria-controls=\"content-p5eb\" aria-expanded=\"false\"><i class=\"fas fa-trophy\"><\/i><span class=\"w-tabs-item-title\">Calidad<\/span><\/button><\/div><\/div><div class=\"w-tabs-sections titles-align_none icon_none\"><div class=\"w-tabs-section active\" id=\"cff7\"><button class=\"w-tabs-section-header active with_icon\" aria-controls=\"content-cff7\" aria-expanded=\"true\"><i class=\"fas fa-lightbulb-on\"><\/i><div class=\"w-tabs-section-title\">Realizaci\u00f2n<\/div><div class=\"w-tabs-section-control\"><\/div><\/button><div  class=\"w-tabs-section-content\" id=\"content-cff7\"><div class=\"w-tabs-section-content-h i-cf\"><div class=\"wpb_text_column\"><div class=\"wpb_wrapper\"><p>El aspecto de la ingenier\u00eda en esta fase se hace dise\u00f1o ejecutivo y realizaci\u00f3n. RAMA se ocupa de la fabricaci\u00f3n de los componentes y del montaje de las partes. Particular atenci\u00f3n es puesta sobre la elecci\u00f3n de los elementos individuales teniendo en cuenta de contrato y presupuesto concordados con el cliente, cumpliendo llenamente con el plazo de entrega establecido.<\/p>\n<\/div><\/div><\/div><\/div><\/div><div class=\"w-tabs-section\" id=\"y43d\"><button class=\"w-tabs-section-header with_icon\" aria-controls=\"content-y43d\" aria-expanded=\"false\"><i class=\"fas fa-user-hard-hat\"><\/i><div class=\"w-tabs-section-title\">Instalaci\u00f2n<\/div><div class=\"w-tabs-section-control\"><\/div><\/button><div  class=\"w-tabs-section-content\" id=\"content-y43d\"><div class=\"w-tabs-section-content-h i-cf\"><div class=\"wpb_text_column\"><div class=\"wpb_wrapper\"><p>La puesta en marcha de la planta siempre es ejecutada por los t\u00e9cnicos RAMA. La empresa hace dos pruebas:<\/p>\n<ul>\n<li>PDI (Pre-Delivery Inspection), directamente en RAMA y entonces antes de la entrega;<\/li>\n<li>SAT en la planta del cliente, involucrando sus t\u00e9cnicos;<\/li>\n<\/ul>\n<p>Estas pruebas tienen el objetivo de garantizar la m\u00e1xima funcionalidad de las m\u00e1quinas, asegurando al cliente ahorro de tiempo y m\u00ednimo riesgo de problem\u00e1ticas particulares.<\/p>\n<\/div><\/div><\/div><\/div><\/div><div class=\"w-tabs-section\" id=\"r872\"><button class=\"w-tabs-section-header with_icon\" aria-controls=\"content-r872\" aria-expanded=\"false\"><i class=\"fas fa-desktop\"><\/i><div class=\"w-tabs-section-title\">Proyecto<\/div><div class=\"w-tabs-section-control\"><\/div><\/button><div  class=\"w-tabs-section-content\" id=\"content-r872\"><div class=\"w-tabs-section-content-h i-cf\"><div class=\"wpb_text_column\"><div class=\"wpb_wrapper\"><p>Nuestro equipo de t\u00e9cnicos expertos, gracias a la b\u00fasqueda y a la aplicaci\u00f3n de las tecnolog\u00edas m\u00e1s avanzadas, proyecta las mejores l\u00edneas de producci\u00f3n y maquinas para el envase de productos alimentares y no alimentares. El an\u00e1lisis siempre comienza con las exigencias especificas de los clientes, considerando las caracter\u00edsticas y las tipolog\u00edas de producto. Todo esto nos permite estudiar soluciones personalizadas para cada ocasi\u00f3n.<\/p>\n<\/div><\/div><\/div><\/div><\/div><div class=\"w-tabs-section\" id=\"gcc5\"><button class=\"w-tabs-section-header with_icon\" aria-controls=\"content-gcc5\" aria-expanded=\"false\"><i class=\"fas fa-search-plus\"><\/i><div class=\"w-tabs-section-title\">Formaci\u00f2n<\/div><div class=\"w-tabs-section-control\"><\/div><\/button><div  class=\"w-tabs-section-content\" id=\"content-gcc5\"><div class=\"w-tabs-section-content-h i-cf\"><div class=\"wpb_text_column\"><div class=\"wpb_wrapper\"><p>El equipo t\u00e9cnico RAMA provee, adem\u00e1s que la instalaci\u00f3n y la puesta en marcha in situ, tambi\u00e9n la formaci\u00f3n del personal responsable. As\u00ed, RAMA quiere permitir al usuario empezar r\u00e1pido la producci\u00f3n, al mismo tiempo reduciendo considerablemente tiempos y costes.<\/p>\n<p>Es una manera de operar que siempre hace el cliente el centro de atenci\u00f3n.<\/p>\n<\/div><\/div><\/div><\/div><\/div><div class=\"w-tabs-section\" id=\"f1a2\"><button class=\"w-tabs-section-header with_icon\" aria-controls=\"content-f1a2\" aria-expanded=\"false\"><i class=\"fas fa-hands-helping\"><\/i><div class=\"w-tabs-section-title\">Asistencia<\/div><div class=\"w-tabs-section-control\"><\/div><\/button><div  class=\"w-tabs-section-content\" id=\"content-f1a2\"><div class=\"w-tabs-section-content-h i-cf\"><div class=\"wpb_text_column\"><div class=\"wpb_wrapper\"><p>La asistencia t\u00e9cnica siempre es garantizada, ambos directamente a trav\u00e9s de la cooperaci\u00f3n con los t\u00e9cnicos de los agentes (adecuadamente formados) o a trav\u00e9s de empresas locales (sobre todo para los pa\u00edses lejos), con las cuales RAMA celebra contratos de exclusividad. El objetivo es garantizar asistencia en la manera m\u00e1s r\u00e1pida y eficiente en todo el territorio de pertinencia.<\/p>\n<p>Adem\u00e1s, RAMA es capaz de proveer un servicio de teleasistencia. Especificadamente:<\/p>\n<ul>\n<li>de tipo diagn\u00f3stico: con la colaboraci\u00f3n del cliente, se analiza la anomal\u00eda, y a trav\u00e9s del modem se hace la diagnosis. Luego, el problema viene solucionado;<\/li>\n<li>de tipo diagnostico-resolutivo: a trav\u00e9s de la conexi\u00f3n, se analiza la causa del problema y se hace la resoluci\u00f3n operando a distancia;<\/li>\n<li>de suporte: intervenci\u00f3n electr\u00f3nica a distancia a suportar los t\u00e9cnicos mec\u00e1nicos RAMA en la planta del cliente o el cliente mismo.<\/li>\n<\/ul>\n<p>Dentro de los manuales que proveemos hay un listado de todos los recambios, con cada parte asociada a un c\u00f3digo alfanum\u00e9rico, el todo para hacer las peticiones m\u00e1s sencillas y r\u00e1pidas.<\/p>\n<p>Para pedir recambios \u2013 informaciones sobre manuales de uso y mantenimiento maquinas: <a href=\"mailto:ricambi@rama-web.com\">ricambi@rama-web.com<\/a><\/p>\n<\/div><\/div><\/div><\/div><\/div><div class=\"w-tabs-section\" id=\"p5eb\"><button class=\"w-tabs-section-header with_icon\" aria-controls=\"content-p5eb\" aria-expanded=\"false\"><i class=\"fas fa-trophy\"><\/i><div class=\"w-tabs-section-title\">Calidad<\/div><div class=\"w-tabs-section-control\"><\/div><\/button><div  class=\"w-tabs-section-content\" id=\"content-p5eb\"><div class=\"w-tabs-section-content-h i-cf\"><div class=\"wpb_text_column\"><div class=\"wpb_wrapper\"><p>La empresa RAMA garantiza un alto est\u00e1ndar de calidad de los productos realizados gracias al preciso an\u00e1lisis y dise\u00f1o de las maquinarias requeridas, y a la cuidadosa elecci\u00f3n de todos los componentes.<\/p>\n<p>Todas las maquinas son dise\u00f1adas y realizadas seg\u00fan las vigentes normativas CE.<\/p>\n<p>El resultado ser\u00e1 un ambiente de trabajo m\u00e1s seguro y eficiente, con una notable reducci\u00f3n de las operaciones manuales.<\/p>\n<\/div><\/div><\/div><\/div><\/div><\/div><\/div><\/div><\/div><\/div><\/div><\/div><\/section>\n","protected":false},"excerpt":{"rendered":"QUIENES SOMOS Rama s.r.l. Packaging &amp; Automation \u00bfBuscando soluciones de vanguardia? RAMA es l\u00edder en planificaci\u00f3n y realizaci\u00f3n de maquinarias y plantas para el envase, garantizando resultados excelentes y competitivos. Tecnolog\u00eda e innovaci\u00f3n para cada exigenciaTecnolog\u00eda a la vanguardia: usamos las tecnolog\u00edas m\u00e1s recientes para crear soluciones de envase personalizadas que satisfacen los m\u00e1s elevados...","protected":false},"author":1,"featured_media":0,"parent":0,"menu_order":0,"comment_status":"closed","ping_status":"closed","template":"","meta":{"footnotes":""},"class_list":["post-1581","page","type-page","status-publish","hentry"],"yoast_head":"<!-- This site is optimized with the Yoast SEO plugin v24.0 - https:\/\/yoast.com\/wordpress\/plugins\/seo\/ -->\n<title>Quienes Somos - Rama srl<\/title>\n<meta name=\"robots\" content=\"index, follow, max-snippet:-1, max-image-preview:large, max-video-preview:-1\" \/>\n<link rel=\"canonical\" href=\"https:\/\/rama-web.com\/es\/quienes-somos\/\" \/>\n<meta property=\"og:locale\" content=\"es_ES\" \/>\n<meta property=\"og:type\" content=\"article\" \/>\n<meta property=\"og:title\" content=\"Quienes Somos - Rama srl\" \/>\n<meta property=\"og:url\" content=\"https:\/\/rama-web.com\/es\/quienes-somos\/\" \/>\n<meta property=\"og:site_name\" content=\"Rama srl\" \/>\n<meta property=\"article:modified_time\" content=\"2024-10-23T17:23:06+00:00\" \/>\n<meta name=\"twitter:card\" content=\"summary_large_image\" \/>\n<meta name=\"twitter:label1\" content=\"Tiempo de lectura\" \/>\n\t<meta name=\"twitter:data1\" content=\"7 minutos\" \/>\n<script type=\"application\/ld+json\" class=\"yoast-schema-graph\">{\"@context\":\"https:\/\/schema.org\",\"@graph\":[{\"@type\":\"WebPage\",\"@id\":\"https:\/\/rama-web.com\/es\/quienes-somos\/\",\"url\":\"https:\/\/rama-web.com\/es\/quienes-somos\/\",\"name\":\"Quienes Somos - Rama srl\",\"isPartOf\":{\"@id\":\"https:\/\/rama-web.com\/en\/#website\"},\"datePublished\":\"2024-05-27T16:33:53+00:00\",\"dateModified\":\"2024-10-23T17:23:06+00:00\",\"breadcrumb\":{\"@id\":\"https:\/\/rama-web.com\/es\/quienes-somos\/#breadcrumb\"},\"inLanguage\":\"es\",\"potentialAction\":[{\"@type\":\"ReadAction\",\"target\":[\"https:\/\/rama-web.com\/es\/quienes-somos\/\"]}]},{\"@type\":\"BreadcrumbList\",\"@id\":\"https:\/\/rama-web.com\/es\/quienes-somos\/#breadcrumb\",\"itemListElement\":[{\"@type\":\"ListItem\",\"position\":1,\"name\":\"Home\",\"item\":\"https:\/\/rama-web.com\/es\/\"},{\"@type\":\"ListItem\",\"position\":2,\"name\":\"Quienes Somos\"}]},{\"@type\":\"WebSite\",\"@id\":\"https:\/\/rama-web.com\/en\/#website\",\"url\":\"https:\/\/rama-web.com\/en\/\",\"name\":\"Rama srl\",\"description\":\"\",\"potentialAction\":[{\"@type\":\"SearchAction\",\"target\":{\"@type\":\"EntryPoint\",\"urlTemplate\":\"https:\/\/rama-web.com\/en\/?s={search_term_string}\"},\"query-input\":{\"@type\":\"PropertyValueSpecification\",\"valueRequired\":true,\"valueName\":\"search_term_string\"}}],\"inLanguage\":\"es\"}]}<\/script>\n<!-- \/ Yoast SEO plugin. -->","yoast_head_json":{"title":"Quienes Somos - Rama srl","robots":{"index":"index","follow":"follow","max-snippet":"max-snippet:-1","max-image-preview":"max-image-preview:large","max-video-preview":"max-video-preview:-1"},"canonical":"https:\/\/rama-web.com\/es\/quienes-somos\/","og_locale":"es_ES","og_type":"article","og_title":"Quienes Somos - Rama srl","og_url":"https:\/\/rama-web.com\/es\/quienes-somos\/","og_site_name":"Rama srl","article_modified_time":"2024-10-23T17:23:06+00:00","twitter_card":"summary_large_image","twitter_misc":{"Tiempo de lectura":"7 minutos"},"schema":{"@context":"https:\/\/schema.org","@graph":[{"@type":"WebPage","@id":"https:\/\/rama-web.com\/es\/quienes-somos\/","url":"https:\/\/rama-web.com\/es\/quienes-somos\/","name":"Quienes Somos - Rama srl","isPartOf":{"@id":"https:\/\/rama-web.com\/en\/#website"},"datePublished":"2024-05-27T16:33:53+00:00","dateModified":"2024-10-23T17:23:06+00:00","breadcrumb":{"@id":"https:\/\/rama-web.com\/es\/quienes-somos\/#breadcrumb"},"inLanguage":"es","potentialAction":[{"@type":"ReadAction","target":["https:\/\/rama-web.com\/es\/quienes-somos\/"]}]},{"@type":"BreadcrumbList","@id":"https:\/\/rama-web.com\/es\/quienes-somos\/#breadcrumb","itemListElement":[{"@type":"ListItem","position":1,"name":"Home","item":"https:\/\/rama-web.com\/es\/"},{"@type":"ListItem","position":2,"name":"Quienes Somos"}]},{"@type":"WebSite","@id":"https:\/\/rama-web.com\/en\/#website","url":"https:\/\/rama-web.com\/en\/","name":"Rama srl","description":"","potentialAction":[{"@type":"SearchAction","target":{"@type":"EntryPoint","urlTemplate":"https:\/\/rama-web.com\/en\/?s={search_term_string}"},"query-input":{"@type":"PropertyValueSpecification","valueRequired":true,"valueName":"search_term_string"}}],"inLanguage":"es"}]}},"_links":{"self":[{"href":"https:\/\/rama-web.com\/es\/wp-json\/wp\/v2\/pages\/1581","targetHints":{"allow":["GET"]}}],"collection":[{"href":"https:\/\/rama-web.com\/es\/wp-json\/wp\/v2\/pages"}],"about":[{"href":"https:\/\/rama-web.com\/es\/wp-json\/wp\/v2\/types\/page"}],"author":[{"embeddable":true,"href":"https:\/\/rama-web.com\/es\/wp-json\/wp\/v2\/users\/1"}],"replies":[{"embeddable":true,"href":"https:\/\/rama-web.com\/es\/wp-json\/wp\/v2\/comments?post=1581"}],"version-history":[{"count":3,"href":"https:\/\/rama-web.com\/es\/wp-json\/wp\/v2\/pages\/1581\/revisions"}],"predecessor-version":[{"id":2270,"href":"https:\/\/rama-web.com\/es\/wp-json\/wp\/v2\/pages\/1581\/revisions\/2270"}],"wp:attachment":[{"href":"https:\/\/rama-web.com\/es\/wp-json\/wp\/v2\/media?parent=1581"}],"curies":[{"name":"wp","href":"https:\/\/api.w.org\/{rel}","templated":true}]}}